{"id":575,"date":"2016-06-08T22:31:47","date_gmt":"2016-06-08T22:31:47","guid":{"rendered":"http:\/\/kalajoenvarjoliitajat.net\/wordpress\/?page_id=575"},"modified":"2017-02-05T11:39:34","modified_gmt":"2017-02-05T11:39:34","slug":"lentotarinat-2016","status":"publish","type":"page","link":"https:\/\/kalajoenvarjoliitajat.net\/wordpress\/?page_id=575","title":{"rendered":"Lentotarinat"},"content":{"rendered":"<p>Jos lensit hienon lennon Ylivieskan tai Kalajoen kent\u00e4lt\u00e4 niin kerrohan ihmeess\u00e4 niin lis\u00e4t\u00e4\u00e4n se tarinat sivustolle<br \/>\nTarinan voit kirjoittaa t\u00e4\u00e4lt\u00e4<\/p>\n<p><a href=\"http:\/\/tarinat.dy.fi\">tarinat.dy.fi<\/a><\/p>\n","protected":false},"excerpt":{"rendered":"<p>Jos lensit hienon lennon Ylivieskan tai Kalajoen kent\u00e4lt\u00e4 niin kerrohan ihmeess\u00e4 niin lis\u00e4t\u00e4\u00e4n se tarinat sivustolle Tarinan voit kirjoittaa t\u00e4\u00e4lt\u00e4 tarinat.dy.fi<\/p>\n","protected":false},"author":1,"featured_media":562,"parent":20,"menu_order":0,"comment_status":"closed","ping_status":"closed","template":"page-full-width.php","meta":{"footnotes":""},"class_list":["post-575","page","type-page","status-publish","has-post-thumbnail","hentry"],"_links":{"self":[{"href":"https:\/\/kalajoenvarjoliitajat.net\/wordpress\/index.php?rest_route=\/wp\/v2\/pages\/575","targetHints":{"allow":["GET"]}}],"collection":[{"href":"https:\/\/kalajoenvarjoliitajat.net\/wordpress\/index.php?rest_route=\/wp\/v2\/pages"}],"about":[{"href":"https:\/\/kalajoenvarjoliitajat.net\/wordpress\/index.php?rest_route=\/wp\/v2\/types\/page"}],"author":[{"embeddable":true,"href":"https:\/\/kalajoenvarjoliitajat.net\/wordpress\/index.php?rest_route=\/wp\/v2\/users\/1"}],"replies":[{"embeddable":true,"href":"https:\/\/kalajoenvarjoliitajat.net\/wordpress\/index.php?rest_route=%2Fwp%2Fv2%2Fcomments&post=575"}],"version-history":[{"count":4,"href":"https:\/\/kalajoenvarjoliitajat.net\/wordpress\/index.php?rest_route=\/wp\/v2\/pages\/575\/revisions"}],"predecessor-version":[{"id":621,"href":"https:\/\/kalajoenvarjoliitajat.net\/wordpress\/index.php?rest_route=\/wp\/v2\/pages\/575\/revisions\/621"}],"up":[{"embeddable":true,"href":"https:\/\/kalajoenvarjoliitajat.net\/wordpress\/index.php?rest_route=\/wp\/v2\/pages\/20"}],"wp:featuredmedia":[{"embeddable":true,"href":"https:\/\/kalajoenvarjoliitajat.net\/wordpress\/index.php?rest_route=\/wp\/v2\/media\/562"}],"wp:attachment":[{"href":"https:\/\/kalajoenvarjoliitajat.net\/wordpress\/index.php?rest_route=%2Fwp%2Fv2%2Fmedia&parent=575"}],"curies":[{"name":"wp","href":"https:\/\/api.w.org\/{rel}","templated":true}]}}