{"id":221,"date":"2010-10-14T22:31:35","date_gmt":"2010-10-14T22:31:35","guid":{"rendered":"http:\/\/www.kalajoenvarjoliitajat.net\/?page_id=221"},"modified":"2016-04-22T15:28:15","modified_gmt":"2016-04-22T15:28:15","slug":"varjoliitoleiri-2004","status":"publish","type":"page","link":"https:\/\/kalajoenvarjoliitajat.net\/wordpress\/?page_id=221","title":{"rendered":"Varjoliitoleiri 2004"},"content":{"rendered":"<p>Kahdeksannen leirin aikana lennettiin 556 lentoa. Pilotteja leiri ker\u00e4si paikalle 64. Leirin alku- ja loppup\u00e4\u00e4ss\u00e4 s\u00e4\u00e4t suosivat lent\u00e4ji\u00e4, viikon keskivaiheilla kuurosateet saivat porukan poistumaan hetkeksi kent\u00e4lt\u00e4. Matkalennoille p\u00e4\u00e4stiin muutamana p\u00e4iv\u00e4n\u00e4, pisimm\u00e4t ylsiv\u00e4t Haapaj\u00e4rvelle saakka. My\u00f6s Nivala oli suosittu kohde.<\/p>\n<p>Puitteet leirille olivat mahtavat, Huhmarkallio saunoineen oli monen kokemuksen purkupaikka. Grilli ja nuotio olivat my\u00f6s ahkerassa k\u00e4yt\u00f6ss\u00e4. Leirin puoliv\u00e4liss\u00e4 pidettiin grillijuhlat, joiden yhteydess\u00e4 valittiin lettumestari ja kisattiin seurojen v\u00e4lisest\u00e4 m\u00f6lkkymestaruudesta. Voiton jakoivat Pitk\u00e4vuoren Liit\u00e4j\u00e4t ja J\u00e4min Riippuliit\u00e4j\u00e4t.<\/p>\n<p style=\"text-align: center;\">\n<div id=\"attachment_222\" style=\"width: 310px\" class=\"wp-caption aligncenter\"><a href=\"https:\/\/kalajoenvarjoliitajat.net\/wordpress\/wp-content\/uploads\/2010\/10\/aa.jpg\"><img loading=\"lazy\" decoding=\"async\" aria-describedby=\"caption-attachment-222\" class=\"size-medium wp-image-222 \" title=\"aa\" src=\"https:\/\/kalajoenvarjoliitajat.net\/wordpress\/wp-content\/uploads\/2010\/10\/aa-300x197.jpg\" alt=\"\" width=\"300\" height=\"197\" \/><\/a><p id=\"caption-attachment-222\" class=\"wp-caption-text\">Leiril\u00e4iset Huhmarkallion edustalla<\/p><\/div>\n<div id=\"attachment_223\" style=\"width: 310px\" class=\"wp-caption aligncenter\"><a href=\"https:\/\/kalajoenvarjoliitajat.net\/wordpress\/wp-content\/uploads\/2010\/10\/kuva1.jpg\"><img loading=\"lazy\" decoding=\"async\" aria-describedby=\"caption-attachment-223\" class=\"size-medium wp-image-223\" title=\"kuva1\" src=\"https:\/\/kalajoenvarjoliitajat.net\/wordpress\/wp-content\/uploads\/2010\/10\/kuva1-300x224.jpg\" alt=\"\" width=\"300\" height=\"224\" \/><\/a><p id=\"caption-attachment-223\" class=\"wp-caption-text\">Hieno aloitus leirille,15 pilottia ilmassa, hinaajat olivat kortilla.<\/p><\/div>\n<div id=\"attachment_224\" style=\"width: 310px\" class=\"wp-caption aligncenter\"><a href=\"https:\/\/kalajoenvarjoliitajat.net\/wordpress\/wp-content\/uploads\/2010\/10\/jj.jpg\"><img loading=\"lazy\" decoding=\"async\" aria-describedby=\"caption-attachment-224\" class=\"size-medium wp-image-224\" title=\"jj\" src=\"https:\/\/kalajoenvarjoliitajat.net\/wordpress\/wp-content\/uploads\/2010\/10\/jj-300x224.jpg\" alt=\"\" width=\"300\" height=\"224\" \/><\/a><p id=\"caption-attachment-224\" class=\"wp-caption-text\">Ensimm\u00e4isen\u00e4 viikonloppuna s\u00e4\u00e4 suosi lent\u00e4ji\u00e4\u2026<\/p><\/div>\n<div id=\"attachment_225\" style=\"width: 310px\" class=\"wp-caption aligncenter\"><a href=\"https:\/\/kalajoenvarjoliitajat.net\/wordpress\/wp-content\/uploads\/2010\/10\/ff.jpg\"><img loading=\"lazy\" decoding=\"async\" aria-describedby=\"caption-attachment-225\" class=\"size-medium wp-image-225\" title=\"ff\" src=\"https:\/\/kalajoenvarjoliitajat.net\/wordpress\/wp-content\/uploads\/2010\/10\/ff-300x224.jpg\" alt=\"\" width=\"300\" height=\"224\" \/><\/a><p id=\"caption-attachment-225\" class=\"wp-caption-text\">Hinauksia kertyi parhaimpana p\u00e4iv\u00e4n\u00e4 116 kappaletta. Hinaus- ja lentokokemus karttui leirill\u00e4.<\/p><\/div>\n<p><strong>Keskiviikko iltana pidettiin lentop\u00e4iv\u00e4n p\u00e4\u00e4tteeksi grillijuhlat<\/strong><\/p>\n<p><strong> <\/strong><\/p>\n<div id=\"attachment_226\" style=\"width: 190px\" class=\"wp-caption aligncenter\"><strong><a href=\"https:\/\/kalajoenvarjoliitajat.net\/wordpress\/wp-content\/uploads\/2010\/10\/ab.jpg\"><img loading=\"lazy\" decoding=\"async\" aria-describedby=\"caption-attachment-226\" class=\"size-full wp-image-226\" title=\"ab\" src=\"https:\/\/kalajoenvarjoliitajat.net\/wordpress\/wp-content\/uploads\/2010\/10\/ab.jpg\" alt=\"\" width=\"180\" height=\"240\" \/><\/a><\/strong><p id=\"caption-attachment-226\" class=\"wp-caption-text\">grilliin mahtui monenlaista herkkua<\/p><\/div>\n<div id=\"attachment_227\" style=\"width: 190px\" class=\"wp-caption aligncenter\"><a href=\"https:\/\/kalajoenvarjoliitajat.net\/wordpress\/wp-content\/uploads\/2010\/10\/ac.jpg\"><img loading=\"lazy\" decoding=\"async\" aria-describedby=\"caption-attachment-227\" class=\"size-full wp-image-227\" title=\"ac\" src=\"https:\/\/kalajoenvarjoliitajat.net\/wordpress\/wp-content\/uploads\/2010\/10\/ac.jpg\" alt=\"\" width=\"180\" height=\"240\" \/><\/a><p id=\"caption-attachment-227\" class=\"wp-caption-text\">Lettumestarilta meni viiden litran paistamiseen tovi<\/p><\/div>\n<div id=\"attachment_228\" style=\"width: 310px\" class=\"wp-caption aligncenter\"><a href=\"https:\/\/kalajoenvarjoliitajat.net\/wordpress\/wp-content\/uploads\/2010\/10\/ad.jpg\"><img loading=\"lazy\" decoding=\"async\" aria-describedby=\"caption-attachment-228\" class=\"size-medium wp-image-228\" title=\"ad\" src=\"https:\/\/kalajoenvarjoliitajat.net\/wordpress\/wp-content\/uploads\/2010\/10\/ad-300x224.jpg\" alt=\"\" width=\"300\" height=\"224\" \/><\/a><p id=\"caption-attachment-228\" class=\"wp-caption-text\">grilliherkut maistuivat<\/p><\/div>\n<div id=\"attachment_229\" style=\"width: 190px\" class=\"wp-caption aligncenter\"><a href=\"https:\/\/kalajoenvarjoliitajat.net\/wordpress\/wp-content\/uploads\/2010\/10\/cc.jpg\"><img loading=\"lazy\" decoding=\"async\" aria-describedby=\"caption-attachment-229\" class=\"size-full wp-image-229\" title=\"cc\" src=\"https:\/\/kalajoenvarjoliitajat.net\/wordpress\/wp-content\/uploads\/2010\/10\/cc.jpg\" alt=\"\" width=\"180\" height=\"240\" \/><\/a><p id=\"caption-attachment-229\" class=\"wp-caption-text\">Kent\u00e4lle kertynyt vesi ei haitannut lentotoimintaa<\/p><\/div>\n<div id=\"attachment_230\" style=\"width: 190px\" class=\"wp-caption aligncenter\"><a href=\"https:\/\/kalajoenvarjoliitajat.net\/wordpress\/wp-content\/uploads\/2010\/10\/tt.jpg\"><img loading=\"lazy\" decoding=\"async\" aria-describedby=\"caption-attachment-230\" class=\"size-full wp-image-230\" title=\"tt\" src=\"https:\/\/kalajoenvarjoliitajat.net\/wordpress\/wp-content\/uploads\/2010\/10\/tt.jpg\" alt=\"\" width=\"180\" height=\"240\" \/><\/a><p id=\"caption-attachment-230\" class=\"wp-caption-text\">ja kiitotiehen tutustujaa<\/p><\/div>\n<div id=\"attachment_231\" style=\"width: 310px\" class=\"wp-caption aligncenter\"><a href=\"https:\/\/kalajoenvarjoliitajat.net\/wordpress\/wp-content\/uploads\/2010\/10\/vv.jpg\"><img loading=\"lazy\" decoding=\"async\" aria-describedby=\"caption-attachment-231\" class=\"size-medium wp-image-231\" title=\"vv\" src=\"https:\/\/kalajoenvarjoliitajat.net\/wordpress\/wp-content\/uploads\/2010\/10\/vv-300x224.jpg\" alt=\"\" width=\"300\" height=\"224\" \/><\/a><p id=\"caption-attachment-231\" class=\"wp-caption-text\">Ylivieska lent\u00e4j\u00e4n silmin<\/p><\/div>\n<div id=\"attachment_232\" style=\"width: 310px\" class=\"wp-caption aligncenter\"><a href=\"https:\/\/kalajoenvarjoliitajat.net\/wordpress\/wp-content\/uploads\/2010\/10\/kk.jpg\"><img loading=\"lazy\" decoding=\"async\" aria-describedby=\"caption-attachment-232\" class=\"size-medium wp-image-232\" title=\"kk\" src=\"https:\/\/kalajoenvarjoliitajat.net\/wordpress\/wp-content\/uploads\/2010\/10\/kk-300x224.jpg\" alt=\"\" width=\"300\" height=\"224\" \/><\/a><p id=\"caption-attachment-232\" class=\"wp-caption-text\">Poseeraus onnistuu my\u00f6s ilmassa<\/p><\/div>\n<div id=\"attachment_233\" style=\"width: 310px\" class=\"wp-caption aligncenter\"><a href=\"https:\/\/kalajoenvarjoliitajat.net\/wordpress\/wp-content\/uploads\/2010\/10\/pp.jpg\"><img loading=\"lazy\" decoding=\"async\" aria-describedby=\"caption-attachment-233\" class=\"size-medium wp-image-233\" title=\"pp\" src=\"https:\/\/kalajoenvarjoliitajat.net\/wordpress\/wp-content\/uploads\/2010\/10\/pp-300x224.jpg\" alt=\"\" width=\"300\" height=\"224\" \/><\/a><p id=\"caption-attachment-233\" class=\"wp-caption-text\">siivet ilmassa<\/p><\/div>\n<div id=\"attachment_234\" style=\"width: 310px\" class=\"wp-caption aligncenter\"><a href=\"https:\/\/kalajoenvarjoliitajat.net\/wordpress\/wp-content\/uploads\/2010\/10\/ss.jpg\"><img loading=\"lazy\" decoding=\"async\" aria-describedby=\"caption-attachment-234\" class=\"size-medium wp-image-234\" title=\"ss\" src=\"https:\/\/kalajoenvarjoliitajat.net\/wordpress\/wp-content\/uploads\/2010\/10\/ss-300x224.jpg\" alt=\"\" width=\"300\" height=\"224\" \/><\/a><p id=\"caption-attachment-234\" class=\"wp-caption-text\">Tuulta oli v\u00e4lill\u00e4 runsaasti<\/p><\/div>\n<div id=\"attachment_235\" style=\"width: 310px\" class=\"wp-caption aligncenter\"><a href=\"https:\/\/kalajoenvarjoliitajat.net\/wordpress\/wp-content\/uploads\/2010\/10\/dd.jpg\"><img loading=\"lazy\" decoding=\"async\" aria-describedby=\"caption-attachment-235\" class=\"size-medium wp-image-235\" title=\"dd\" src=\"https:\/\/kalajoenvarjoliitajat.net\/wordpress\/wp-content\/uploads\/2010\/10\/dd-300x224.jpg\" alt=\"\" width=\"300\" height=\"224\" \/><\/a><p id=\"caption-attachment-235\" class=\"wp-caption-text\">Tummien pilvien alla oli turvallisempaa lenn\u00e4tt\u00e4\u00e4 leijaa<\/p><\/div>\n<div id=\"attachment_237\" style=\"width: 310px\" class=\"wp-caption aligncenter\"><a href=\"https:\/\/kalajoenvarjoliitajat.net\/wordpress\/wp-content\/uploads\/2010\/10\/uu1.jpg\"><img loading=\"lazy\" decoding=\"async\" aria-describedby=\"caption-attachment-237\" class=\"size-medium wp-image-237\" title=\"uu\" src=\"https:\/\/kalajoenvarjoliitajat.net\/wordpress\/wp-content\/uploads\/2010\/10\/uu1-300x224.jpg\" alt=\"\" width=\"300\" height=\"224\" \/><\/a><p id=\"caption-attachment-237\" class=\"wp-caption-text\">Leirin vanhin (72v.) ja nuorin (18v.) pilotti<\/p><\/div>\n<div id=\"attachment_238\" style=\"width: 310px\" class=\"wp-caption aligncenter\"><a href=\"https:\/\/kalajoenvarjoliitajat.net\/wordpress\/wp-content\/uploads\/2010\/10\/hh.jpg\"><img loading=\"lazy\" decoding=\"async\" aria-describedby=\"caption-attachment-238\" class=\"size-medium wp-image-238\" title=\"hh\" src=\"https:\/\/kalajoenvarjoliitajat.net\/wordpress\/wp-content\/uploads\/2010\/10\/hh-300x224.jpg\" alt=\"\" width=\"300\" height=\"224\" \/><\/a><p id=\"caption-attachment-238\" class=\"wp-caption-text\">Leirinuotiolla tarinoitiin<\/p><\/div>\n<p><strong>Tekstit: Essi &amp; Tuuli<\/strong><\/p>\n<p><strong>Kuvat: Ari, Mauri, Tuukka, Tuuli &amp; Vesku.<\/strong><\/p>\n","protected":false},"excerpt":{"rendered":"<p>Kahdeksannen leirin aikana lennettiin 556 lentoa. Pilotteja leiri ker\u00e4si paikalle 64. Leirin alku- ja loppup\u00e4\u00e4ss\u00e4 s\u00e4\u00e4t suosivat lent\u00e4ji\u00e4, viikon keskivaiheilla kuurosateet saivat porukan poistumaan hetkeksi kent\u00e4lt\u00e4. Matkalennoille p\u00e4\u00e4stiin muutamana p\u00e4iv\u00e4n\u00e4, pisimm\u00e4t ylsiv\u00e4t Haapaj\u00e4rvelle saakka. My\u00f6s Nivala oli suosittu kohde. Puitteet leirille olivat mahtavat, Huhmarkallio saunoineen oli monen kokemuksen purkupaikka. Grilli ja nuotio olivat my\u00f6s ahkerassa [&hellip;]<\/p>\n","protected":false},"author":1,"featured_media":0,"parent":27,"menu_order":9,"comment_status":"closed","ping_status":"closed","template":"","meta":{"footnotes":""},"class_list":["post-221","page","type-page","status-publish","hentry"],"_links":{"self":[{"href":"https:\/\/kalajoenvarjoliitajat.net\/wordpress\/index.php?rest_route=\/wp\/v2\/pages\/221","targetHints":{"allow":["GET"]}}],"collection":[{"href":"https:\/\/kalajoenvarjoliitajat.net\/wordpress\/index.php?rest_route=\/wp\/v2\/pages"}],"about":[{"href":"https:\/\/kalajoenvarjoliitajat.net\/wordpress\/index.php?rest_route=\/wp\/v2\/types\/page"}],"author":[{"embeddable":true,"href":"https:\/\/kalajoenvarjoliitajat.net\/wordpress\/index.php?rest_route=\/wp\/v2\/users\/1"}],"replies":[{"embeddable":true,"href":"https:\/\/kalajoenvarjoliitajat.net\/wordpress\/index.php?rest_route=%2Fwp%2Fv2%2Fcomments&post=221"}],"version-history":[{"count":3,"href":"https:\/\/kalajoenvarjoliitajat.net\/wordpress\/index.php?rest_route=\/wp\/v2\/pages\/221\/revisions"}],"predecessor-version":[{"id":545,"href":"https:\/\/kalajoenvarjoliitajat.net\/wordpress\/index.php?rest_route=\/wp\/v2\/pages\/221\/revisions\/545"}],"up":[{"embeddable":true,"href":"https:\/\/kalajoenvarjoliitajat.net\/wordpress\/index.php?rest_route=\/wp\/v2\/pages\/27"}],"wp:attachment":[{"href":"https:\/\/kalajoenvarjoliitajat.net\/wordpress\/index.php?rest_route=%2Fwp%2Fv2%2Fmedia&parent=221"}],"curies":[{"name":"wp","href":"https:\/\/api.w.org\/{rel}","templated":true}]}}