{"id":206,"date":"2010-10-14T22:01:01","date_gmt":"2010-10-14T22:01:01","guid":{"rendered":"http:\/\/www.kalajoenvarjoliitajat.net\/?page_id=206"},"modified":"2016-04-22T15:24:25","modified_gmt":"2016-04-22T15:24:25","slug":"varjoliitoleiri-2003","status":"publish","type":"page","link":"https:\/\/kalajoenvarjoliitajat.net\/wordpress\/?page_id=206","title":{"rendered":"Varjoliitoleiri  2003"},"content":{"rendered":"<p>Ylivieska tarjoaa erinomaiset puitteet lent\u00e4miselle. Vallitsevat tuulet sopivat kent\u00e4n kiitoratojen suuntiin ja Kalajokilaaksossa riitt\u00e4\u00e4 peltoja aloittelijankin harjoitella matkalentoja. T\u00e4m\u00e4n vuoden leiritoiminta kent\u00e4ll\u00e4 alkoi lauantaina illalla p\u00e4iv\u00e4n sadekuurojen j\u00e4lkeen. Keskiviikkoon menness\u00e4 on lennetty p\u00e4ivitt\u00e4in ja hinauksia on kertynyt yhteens\u00e4 485. Lent\u00e4ji\u00e4 on paikalla k\u00e4ynyt noin 50.<\/p>\n<p>Leiriviikon alussa perjantaina s\u00e4\u00e4ennuste lupasi erinomaista lentokeli\u00e4 koko seuraavalle viikolle. S\u00e4\u00e4tietoja toki seurattiin viikon kuluessakin.<\/p>\n<div id=\"attachment_207\" style=\"width: 310px\" class=\"wp-caption aligncenter\"><a href=\"https:\/\/kalajoenvarjoliitajat.net\/wordpress\/wp-content\/uploads\/2010\/10\/Image1.jpg\"><img loading=\"lazy\" decoding=\"async\" aria-describedby=\"caption-attachment-207\" class=\"size-medium wp-image-207\" title=\"Image1\" src=\"https:\/\/kalajoenvarjoliitajat.net\/wordpress\/wp-content\/uploads\/2010\/10\/Image1-300x187.jpg\" alt=\"\" width=\"300\" height=\"187\" \/><\/a><p id=\"caption-attachment-207\" class=\"wp-caption-text\">S\u00e4\u00e4 mies<\/p><\/div>\n<p>Viikonloppuna kaikkien pitk\u00e4nmatkalaisten lis\u00e4ksi moni l\u00e4hiseudun lent\u00e4j\u00e4 oli tullut kent\u00e4lle hyv\u00e4n s\u00e4\u00e4n houkuttelemana. Parhaimpana p\u00e4iv\u00e4n\u00e4 on hinattu 140 hinausta.<\/p>\n<p style=\"text-align: center;\">\n<div id=\"attachment_209\" style=\"width: 310px\" class=\"wp-caption aligncenter\"><a href=\"https:\/\/kalajoenvarjoliitajat.net\/wordpress\/wp-content\/uploads\/2010\/10\/Image21.jpg\"><img loading=\"lazy\" decoding=\"async\" aria-describedby=\"caption-attachment-209\" class=\"size-medium wp-image-209\" title=\"Image2\" src=\"https:\/\/kalajoenvarjoliitajat.net\/wordpress\/wp-content\/uploads\/2010\/10\/Image21-300x187.jpg\" alt=\"\" width=\"300\" height=\"187\" \/><\/a><p id=\"caption-attachment-209\" class=\"wp-caption-text\">Laskuun<\/p><\/div>\n<p>Virtaavaa hien m\u00e4\u00e4r\u00e4\u00e4 on vaikea saada n\u00e4kym\u00e4\u00e4n kuvassa, mutta noin +30*C l\u00e4mp\u00f6tilassa kaikki lentovarusteet p\u00e4\u00e4ll\u00e4 hinausvuoron odottelu ei ole aivan heikkokuntoisen hommaa. G-voimat vain erottavat tuntuman F1-kuskin ty\u00f6st\u00e4.<\/p>\n<div id=\"attachment_210\" style=\"width: 310px\" class=\"wp-caption aligncenter\"><a href=\"https:\/\/kalajoenvarjoliitajat.net\/wordpress\/wp-content\/uploads\/2010\/10\/Image3.jpg\"><img loading=\"lazy\" decoding=\"async\" aria-describedby=\"caption-attachment-210\" class=\"size-medium wp-image-210\" title=\"Image3\" src=\"https:\/\/kalajoenvarjoliitajat.net\/wordpress\/wp-content\/uploads\/2010\/10\/Image3-300x187.jpg\" alt=\"\" width=\"300\" height=\"187\" \/><\/a><p id=\"caption-attachment-210\" class=\"wp-caption-text\">Hiki virtaa<\/p><\/div>\n<p>V\u00e4lill\u00e4 avustajan k\u00e4ytt\u00f6 l\u00e4hd\u00f6ss\u00e4 nopeutti hinaustoimintaa. Oikealla otteella siipi on hetkess\u00e4 l\u00e4ht\u00f6kunnossa.<\/p>\n<div id=\"attachment_211\" style=\"width: 310px\" class=\"wp-caption aligncenter\"><a href=\"https:\/\/kalajoenvarjoliitajat.net\/wordpress\/wp-content\/uploads\/2010\/10\/Image4.jpg\"><img loading=\"lazy\" decoding=\"async\" aria-describedby=\"caption-attachment-211\" class=\"size-medium wp-image-211\" title=\"Image4\" src=\"https:\/\/kalajoenvarjoliitajat.net\/wordpress\/wp-content\/uploads\/2010\/10\/Image4-300x187.jpg\" alt=\"\" width=\"300\" height=\"187\" \/><\/a><p id=\"caption-attachment-211\" class=\"wp-caption-text\">Avustaja<\/p><\/div>\n<p>Pitk\u00e4\u00e4 katkosta hinaustoimintaan ei tullut vaikka hajonnutta autoa piti p\u00e4llistell\u00e4 useamman sormi suussa olevan miehen voimalla.<\/p>\n<div id=\"attachment_212\" style=\"width: 310px\" class=\"wp-caption aligncenter\"><a href=\"https:\/\/kalajoenvarjoliitajat.net\/wordpress\/wp-content\/uploads\/2010\/10\/Image5.jpg\"><img loading=\"lazy\" decoding=\"async\" aria-describedby=\"caption-attachment-212\" class=\"size-medium wp-image-212\" title=\"Image5\" src=\"https:\/\/kalajoenvarjoliitajat.net\/wordpress\/wp-content\/uploads\/2010\/10\/Image5-300x187.jpg\" alt=\"\" width=\"300\" height=\"187\" \/><\/a><p id=\"caption-attachment-212\" class=\"wp-caption-text\">Sormet suussa<\/p><\/div>\n<p>&#8220;Lennonjohtotornissa&#8221; ei ole viel\u00e4 kertaakaan mennyt sormi suuhun. Toiminta kahdella hinauslinjalla vaatii maahenkil\u00f6kunnalta v\u00e4lill\u00e4 k\u00e4rsiv\u00e4llisyytt\u00e4, lent\u00e4j\u00e4t ovat v\u00e4lill\u00e4 yht\u00e4 malttamattomia taivaalle p\u00e4\u00e4syn suhteen kun soitimella olevat metsot omasta vieh\u00e4tt\u00e4vyydest\u00e4\u00e4n, kuulo- ja n\u00e4k\u00f6aistit meinaavat kadota totaalisesti ennen omaa vuoroa.<\/p>\n<div id=\"attachment_213\" style=\"width: 310px\" class=\"wp-caption aligncenter\"><a href=\"https:\/\/kalajoenvarjoliitajat.net\/wordpress\/wp-content\/uploads\/2010\/10\/Image6.jpg\"><img loading=\"lazy\" decoding=\"async\" aria-describedby=\"caption-attachment-213\" class=\"size-medium wp-image-213\" title=\"Image6\" src=\"https:\/\/kalajoenvarjoliitajat.net\/wordpress\/wp-content\/uploads\/2010\/10\/Image6-300x187.jpg\" alt=\"\" width=\"300\" height=\"187\" \/><\/a><p id=\"caption-attachment-213\" class=\"wp-caption-text\">Lennonjohto<\/p><\/div>\n<p>Ilma oli niin l\u00e4mmint\u00e4 ylemp\u00e4n\u00e4kin, ett\u00e4 osa uskaltautui pidemmillekin lennoille shortsit jalassa. Polvisuojat ehk\u00e4isev\u00e4t hyvin aina uhkaavaa &#8220;asfalttii-ihottumaa&#8221;. Kanssalent\u00e4ji\u00e4 kannatti tarkkailla sek\u00e4 yl\u00e4- ett\u00e4 alapuolella.<\/p>\n<div id=\"attachment_214\" style=\"width: 310px\" class=\"wp-caption aligncenter\"><a href=\"https:\/\/kalajoenvarjoliitajat.net\/wordpress\/wp-content\/uploads\/2010\/10\/Image7.jpg\"><img loading=\"lazy\" decoding=\"async\" aria-describedby=\"caption-attachment-214\" class=\"size-medium wp-image-214\" title=\"Image7\" src=\"https:\/\/kalajoenvarjoliitajat.net\/wordpress\/wp-content\/uploads\/2010\/10\/Image7-300x187.jpg\" alt=\"\" width=\"300\" height=\"187\" \/><\/a><p id=\"caption-attachment-214\" class=\"wp-caption-text\">L\u00e4mmin ilma<\/p><\/div>\n<p>Parhaimmillaan nostot veiv\u00e4t aina 1700 metriin asti. Paikallislentoa on voitu heikkojen tuulien ansiosta harrastaa useampana p\u00e4iv\u00e4n\u00e4 ja pisimmill\u00e4\u00e4n taivaalla on pysytty yli kolme tuntia.<\/p>\n<div id=\"attachment_215\" style=\"width: 197px\" class=\"wp-caption aligncenter\"><a href=\"https:\/\/kalajoenvarjoliitajat.net\/wordpress\/wp-content\/uploads\/2010\/10\/Image8.jpg\"><img loading=\"lazy\" decoding=\"async\" aria-describedby=\"caption-attachment-215\" class=\"size-medium wp-image-215\" title=\"Image8\" src=\"https:\/\/kalajoenvarjoliitajat.net\/wordpress\/wp-content\/uploads\/2010\/10\/Image8-187x300.jpg\" alt=\"\" width=\"187\" height=\"300\" \/><\/a><p id=\"caption-attachment-215\" class=\"wp-caption-text\">Lent\u00e4j\u00e4t<\/p><\/div>\n<p>Tyytyv\u00e4isi\u00e4 matkalent\u00e4ji\u00e4 siell\u00e4 jossain tien varressa odottamassa hakua takaisin kent\u00e4lle. Noin 20 km on pisin matkalento puoleen v\u00e4liin leiri\u00e4 menness\u00e4.<\/p>\n<div id=\"attachment_216\" style=\"width: 310px\" class=\"wp-caption aligncenter\"><a href=\"https:\/\/kalajoenvarjoliitajat.net\/wordpress\/wp-content\/uploads\/2010\/10\/Image9.jpg\"><img loading=\"lazy\" decoding=\"async\" aria-describedby=\"caption-attachment-216\" class=\"size-medium wp-image-216\" title=\"Image9\" src=\"https:\/\/kalajoenvarjoliitajat.net\/wordpress\/wp-content\/uploads\/2010\/10\/Image9-300x187.jpg\" alt=\"\" width=\"300\" height=\"187\" \/><\/a><p id=\"caption-attachment-216\" class=\"wp-caption-text\">Matkalent\u00e4j\u00e4t<\/p><\/div>\n<p>Vaikka taustalla n\u00e4kyv\u00e4 taivas ei viel\u00e4 enteilek\u00e4\u00e4n ukonilmaa, oli vastakkaisessa ilmansuunnassa jo sen n\u00e4k\u00f6ist\u00e4, ett\u00e4 kokeneempikin porukka n\u00e4ki viisaammaksi pit\u00e4yty\u00e4 vanhojen lentoreissujen muistelemisessa.<\/p>\n<div id=\"attachment_217\" style=\"width: 310px\" class=\"wp-caption aligncenter\"><a href=\"https:\/\/kalajoenvarjoliitajat.net\/wordpress\/wp-content\/uploads\/2010\/10\/Image10.jpg\"><img loading=\"lazy\" decoding=\"async\" aria-describedby=\"caption-attachment-217\" class=\"size-medium wp-image-217\" title=\"Image10\" src=\"https:\/\/kalajoenvarjoliitajat.net\/wordpress\/wp-content\/uploads\/2010\/10\/Image10-300x187.jpg\" alt=\"\" width=\"300\" height=\"187\" \/><\/a><p id=\"caption-attachment-217\" class=\"wp-caption-text\">Muistelijat<\/p><\/div>\n<p>Ukonilman j\u00e4lkeisten iltaliukujen j\u00e4lkeen oli viel\u00e4 virtaa j\u00e4ljell\u00e4 nuotiolla makkaran k\u00e4ristyst\u00e4 varten. Mitenk\u00e4h\u00e4n se EU olisi t\u00e4ll\u00e4isenkin &#8220;grillauksen&#8221; pystynyt kielt\u00e4m\u00e4\u00e4n?!<br \/>\nHyv\u00e4t lentokelit hidastivat t\u00e4m\u00e4n jutun valmistumista J .<\/p>\n<div id=\"attachment_218\" style=\"width: 310px\" class=\"wp-caption aligncenter\"><a href=\"https:\/\/kalajoenvarjoliitajat.net\/wordpress\/wp-content\/uploads\/2010\/10\/Image11.jpg\"><img loading=\"lazy\" decoding=\"async\" aria-describedby=\"caption-attachment-218\" class=\"size-medium wp-image-218\" title=\"Image11\" src=\"https:\/\/kalajoenvarjoliitajat.net\/wordpress\/wp-content\/uploads\/2010\/10\/Image11-300x187.jpg\" alt=\"\" width=\"300\" height=\"187\" \/><\/a><p id=\"caption-attachment-218\" class=\"wp-caption-text\">Grillaus<\/p><\/div>\n<p>Teksti: Essi &amp; Tuuli, kuvat: Tuukka, Tuuli &amp; Ari.<\/p>\n","protected":false},"excerpt":{"rendered":"<p>Ylivieska tarjoaa erinomaiset puitteet lent\u00e4miselle. Vallitsevat tuulet sopivat kent\u00e4n kiitoratojen suuntiin ja Kalajokilaaksossa riitt\u00e4\u00e4 peltoja aloittelijankin harjoitella matkalentoja. T\u00e4m\u00e4n vuoden leiritoiminta kent\u00e4ll\u00e4 alkoi lauantaina illalla p\u00e4iv\u00e4n sadekuurojen j\u00e4lkeen. Keskiviikkoon menness\u00e4 on lennetty p\u00e4ivitt\u00e4in ja hinauksia on kertynyt yhteens\u00e4 485. Lent\u00e4ji\u00e4 on paikalla k\u00e4ynyt noin 50. Leiriviikon alussa perjantaina s\u00e4\u00e4ennuste lupasi erinomaista lentokeli\u00e4 koko seuraavalle viikolle. [&hellip;]<\/p>\n","protected":false},"author":1,"featured_media":0,"parent":27,"menu_order":6,"comment_status":"closed","ping_status":"closed","template":"","meta":{"footnotes":""},"class_list":["post-206","page","type-page","status-publish","hentry"],"_links":{"self":[{"href":"https:\/\/kalajoenvarjoliitajat.net\/wordpress\/index.php?rest_route=\/wp\/v2\/pages\/206","targetHints":{"allow":["GET"]}}],"collection":[{"href":"https:\/\/kalajoenvarjoliitajat.net\/wordpress\/index.php?rest_route=\/wp\/v2\/pages"}],"about":[{"href":"https:\/\/kalajoenvarjoliitajat.net\/wordpress\/index.php?rest_route=\/wp\/v2\/types\/page"}],"author":[{"embeddable":true,"href":"https:\/\/kalajoenvarjoliitajat.net\/wordpress\/index.php?rest_route=\/wp\/v2\/users\/1"}],"replies":[{"embeddable":true,"href":"https:\/\/kalajoenvarjoliitajat.net\/wordpress\/index.php?rest_route=%2Fwp%2Fv2%2Fcomments&post=206"}],"version-history":[{"count":4,"href":"https:\/\/kalajoenvarjoliitajat.net\/wordpress\/index.php?rest_route=\/wp\/v2\/pages\/206\/revisions"}],"predecessor-version":[{"id":543,"href":"https:\/\/kalajoenvarjoliitajat.net\/wordpress\/index.php?rest_route=\/wp\/v2\/pages\/206\/revisions\/543"}],"up":[{"embeddable":true,"href":"https:\/\/kalajoenvarjoliitajat.net\/wordpress\/index.php?rest_route=\/wp\/v2\/pages\/27"}],"wp:attachment":[{"href":"https:\/\/kalajoenvarjoliitajat.net\/wordpress\/index.php?rest_route=%2Fwp%2Fv2%2Fmedia&parent=206"}],"curies":[{"name":"wp","href":"https:\/\/api.w.org\/{rel}","templated":true}]}}