{"id":20,"date":"2010-10-11T21:11:18","date_gmt":"2010-10-11T21:11:18","guid":{"rendered":"http:\/\/www.kalajoenvarjoliitajat.net\/?page_id=20"},"modified":"2025-11-19T19:08:03","modified_gmt":"2025-11-19T19:08:03","slug":"toiminta","status":"publish","type":"page","link":"https:\/\/kalajoenvarjoliitajat.net\/wordpress\/?page_id=20","title":{"rendered":"Toiminta"},"content":{"rendered":"<div id=\"attachment_698\" style=\"width: 670px\" class=\"wp-caption alignnone\"><img loading=\"lazy\" decoding=\"async\" aria-describedby=\"caption-attachment-698\" class=\"wp-image-698 size-large\" src=\"https:\/\/kalajoenvarjoliitajat.net\/wordpress\/wp-content\/uploads\/2019\/01\/KenttatoimintaWEBB-1024x546.jpg\" alt=\"\" width=\"660\" height=\"352\" srcset=\"https:\/\/kalajoenvarjoliitajat.net\/wordpress\/wp-content\/uploads\/2019\/01\/KenttatoimintaWEBB-1024x546.jpg 1024w, https:\/\/kalajoenvarjoliitajat.net\/wordpress\/wp-content\/uploads\/2019\/01\/KenttatoimintaWEBB-300x160.jpg 300w, https:\/\/kalajoenvarjoliitajat.net\/wordpress\/wp-content\/uploads\/2019\/01\/KenttatoimintaWEBB-768x410.jpg 768w, https:\/\/kalajoenvarjoliitajat.net\/wordpress\/wp-content\/uploads\/2019\/01\/KenttatoimintaWEBB-619x330.jpg 619w, https:\/\/kalajoenvarjoliitajat.net\/wordpress\/wp-content\/uploads\/2019\/01\/KenttatoimintaWEBB.jpg 1181w\" sizes=\"auto, (max-width: 660px) 100vw, 660px\" \/><p id=\"caption-attachment-698\" class=\"wp-caption-text\">L\u00e4hett\u00e4j\u00e4 auttaa pilottia hinausk\u00f6yden kanssa. EFYL.<\/p><\/div>\n<p><strong>Vapaalento.<\/strong> Kes\u00e4kaudella toimimme yleens\u00e4 Ylivieskan, Pyh\u00e4salmen tai Kalajoen lentopaikoilla.<\/p>\n<p>Karttaopasteet kentille l\u00f6yd\u00e4t alempana t\u00e4lt\u00e4 sivulta.<\/p>\n<blockquote><p>Lento-toimintaa voi seurata my\u00f6s netiss\u00e4 <a href=\"https:\/\/www.xcontest.org\/finland\/\" target=\"_blank\" rel=\"noopener noreferrer\"><strong>XContest<\/strong><\/a> matkalentoliigan kautta.<br \/>\nEri vuosien tuloksia l\u00f6ytyy t\u00e4\u00e4lt\u00e4: <a href=\"https:\/\/www.xcontest.org\/2020\/finland\/varjoliito-kerhoranking\/pilotit:1828\" target=\"_blank\" rel=\"noopener noreferrer\">2020<\/a> <a href=\"https:\/\/www.xcontest.org\/2019\/finland\/varjoliito-kerhoranking\/pilotit:1828\" target=\"_blank\" rel=\"noopener noreferrer\"><span style=\"text-decoration: underline;\">2019<\/span><\/a>\u00a0\u00a0<a href=\"https:\/\/www.xcontest.org\/2018\/finland\/varjoliito-kerhoranking\/pilotit:1828\" target=\"_blank\" rel=\"noopener noreferrer\"><span style=\"text-decoration: underline;\">2018<\/span><\/a>\u00a0 \u00a0<a href=\"https:\/\/www.xcontest.org\/2017\/finland\/varjoliito-kerhoranking\/pilotit:1828\" target=\"_blank\" rel=\"noopener noreferrer\"><span style=\"text-decoration: underline;\">2017<\/span><\/a>\u00a0 \u00a0<a href=\"https:\/\/www.xcontest.org\/2016\/finland\/varjoliito-kerhoranking\/pilotit:1828\" target=\"_blank\" rel=\"noopener noreferrer\"><span style=\"text-decoration: underline;\">2016<\/span><\/a>\u00a0 \u00a0<a href=\"https:\/\/www.xcontest.org\/2015\/finland\/varjoliito-kerhoranking\/pilotit:1828\" target=\"_blank\" rel=\"noopener noreferrer\"><span style=\"text-decoration: underline;\">2015<\/span><\/a><\/p><\/blockquote>\n<p>Koska kotimaan lentokausi on suhteellisen lyhyt, Kalajoen varjoliit\u00e4jiss\u00e4 on my\u00f6s aktiivisia ulkomaan matkaajia. Matkakohteita on monia mutta Columbia, Intia, Bulgaria, Makedonia, Slovenia, Italia, Espanja, ja Teneriffa ovat monen suosikkilistalla. Ulkomailla lennet\u00e4\u00e4n yleens\u00e4 vuoristo olosuhteissa jotka tuovat omat mahdollisuudet ja haasteet lent\u00e4miseen.<\/p>\n<div id=\"attachment_832\" style=\"width: 670px\" class=\"wp-caption alignnone\"><a href=\"https:\/\/kalajoenvarjoliitajat.net\/wordpress\/wp-content\/uploads\/2019\/10\/Kobala_001.jpg\"><img loading=\"lazy\" decoding=\"async\" aria-describedby=\"caption-attachment-832\" class=\"size-large wp-image-832\" src=\"https:\/\/kalajoenvarjoliitajat.net\/wordpress\/wp-content\/uploads\/2019\/10\/Kobala_001-1024x179.jpg\" alt=\"\" width=\"660\" height=\"115\" srcset=\"https:\/\/kalajoenvarjoliitajat.net\/wordpress\/wp-content\/uploads\/2019\/10\/Kobala_001-1024x179.jpg 1024w, https:\/\/kalajoenvarjoliitajat.net\/wordpress\/wp-content\/uploads\/2019\/10\/Kobala_001-300x53.jpg 300w, https:\/\/kalajoenvarjoliitajat.net\/wordpress\/wp-content\/uploads\/2019\/10\/Kobala_001-768x134.jpg 768w, https:\/\/kalajoenvarjoliitajat.net\/wordpress\/wp-content\/uploads\/2019\/10\/Kobala_001-619x108.jpg 619w, https:\/\/kalajoenvarjoliitajat.net\/wordpress\/wp-content\/uploads\/2019\/10\/Kobala_001.jpg 1800w\" sizes=\"auto, (max-width: 660px) 100vw, 660px\" \/><\/a><p id=\"caption-attachment-832\" class=\"wp-caption-text\">Kobalan startti. Tolmin, Slovenia<\/p><\/div>\n<p><strong>Moottoroitu-varjoliito<\/strong> mahdollistaa yksin operoimisen. Starttipaikkaksi voi soveltua l\u00e4hipelto, mutta my\u00f6s lentokentti\u00e4 k\u00e4ytet\u00e4\u00e4n l\u00e4ht\u00f6- ja laskupaikkoina.<\/p>\n<p><img loading=\"lazy\" decoding=\"async\" class=\"alignnone wp-image-797 size-large\" src=\"https:\/\/kalajoenvarjoliitajat.net\/wordpress\/wp-content\/uploads\/2019\/10\/DSC_5476-1024x684.jpg\" alt=\"\" width=\"660\" height=\"441\" srcset=\"https:\/\/kalajoenvarjoliitajat.net\/wordpress\/wp-content\/uploads\/2019\/10\/DSC_5476-1024x684.jpg 1024w, https:\/\/kalajoenvarjoliitajat.net\/wordpress\/wp-content\/uploads\/2019\/10\/DSC_5476-300x200.jpg 300w, https:\/\/kalajoenvarjoliitajat.net\/wordpress\/wp-content\/uploads\/2019\/10\/DSC_5476-768x513.jpg 768w, https:\/\/kalajoenvarjoliitajat.net\/wordpress\/wp-content\/uploads\/2019\/10\/DSC_5476-619x413.jpg 619w\" sizes=\"auto, (max-width: 660px) 100vw, 660px\" \/><\/p>\n<p><strong>Ylivieskan kentt\u00e4 &#8211; EFYL<\/strong><\/p>\n<p><small><a style=\"color: #0000ff; text-align: left;\" href=\"http:\/\/maps.google.fi\/maps?f=q&amp;source=embed&amp;hl=fi&amp;geocode=&amp;q=myllykankaantie,+Ylivieska&amp;sll=64.052152,24.712458&amp;sspn=0.027979,0.132093&amp;ie=UTF8&amp;hq=&amp;hnear=Myllykankaantie,+84540+Ylivieska&amp;t=h&amp;ll=64.055269,24.718552&amp;spn=0.027976,0.132093&amp;z=14&amp;iwloc=A\">EFYL karttalinkki<\/a><\/small><\/p>\n<p>Koordinaatit: 640317N 0244331E<br \/>\nKiitotie: 15\/33 &#8211; 1500 x 30 m &#8211; asfalttia<br \/>\nRadiotaajuus: 122,500<br \/>\nKent\u00e4n korkeus: 77 m (252 ft)<\/p>\n<p><strong>Pyh\u00e4salmen kentt\u00e4 &#8211; EFPY<\/strong><\/p>\n<p><a href=\"https:\/\/maps.app.goo.gl\/SfpQL46ev4TmyNgm8\">EFPY karttalinkki<\/a><\/p>\n<p>Koordinaatit: 634345N 0255557E<br \/>\nKiitotie: 15\/33 \u2013 1000 x 20 m \u2013 asfalttia<br \/>\nRadiotaajuus: 121,600<br \/>\nKent\u00e4n korkeus: 161 m (528 ft)<\/p>\n<p><strong>Kalajoen kentt\u00e4 &#8211; EFKO<\/strong><\/p>\n<p><small><a style=\"color: #0000ff; text-align: left;\" href=\"http:\/\/maps.google.fi\/maps?f=q&amp;source=embed&amp;hl=fi&amp;geocode=&amp;q=Kokkolantie+711,+85100+Kalajoki&amp;sll=64.232084,23.821981&amp;sspn=0.00695,0.033023&amp;ie=UTF8&amp;hq=&amp;hnear=Kokkolantie+711,+85100+Kalajoki&amp;t=h&amp;ll=64.232079,23.821943&amp;spn=0.01306,0.036478&amp;z=14&amp;iwloc=A\">EFKO karttalinkki<\/a><\/small><\/p>\n<p>Koordinaatit: 641343N 0234935E<br \/>\nKiitotie: 05\/23 &#8211; 1200 x 30 m &#8211; asfalttia\/soraa<br \/>\nRadiotaajuus: 123,400<br \/>\nKent\u00e4n korkeus: 13 m (43 ft)<\/p>\n","protected":false},"excerpt":{"rendered":"<p>Vapaalento. Kes\u00e4kaudella toimimme yleens\u00e4 Ylivieskan, Pyh\u00e4salmen tai Kalajoen lentopaikoilla. Karttaopasteet kentille l\u00f6yd\u00e4t alempana t\u00e4lt\u00e4 sivulta. Lento-toimintaa voi seurata my\u00f6s netiss\u00e4 XContest matkalentoliigan kautta. Eri vuosien tuloksia l\u00f6ytyy t\u00e4\u00e4lt\u00e4: 2020 2019\u00a0\u00a02018\u00a0 \u00a02017\u00a0 \u00a02016\u00a0 \u00a02015 Koska kotimaan lentokausi on suhteellisen lyhyt, Kalajoen varjoliit\u00e4jiss\u00e4 on my\u00f6s aktiivisia ulkomaan matkaajia. Matkakohteita on monia mutta Columbia, Intia, Bulgaria, Makedonia, Slovenia, [&hellip;]<\/p>\n","protected":false},"author":1,"featured_media":0,"parent":0,"menu_order":1,"comment_status":"closed","ping_status":"closed","template":"","meta":{"footnotes":""},"class_list":["post-20","page","type-page","status-publish","hentry"],"_links":{"self":[{"href":"https:\/\/kalajoenvarjoliitajat.net\/wordpress\/index.php?rest_route=\/wp\/v2\/pages\/20","targetHints":{"allow":["GET"]}}],"collection":[{"href":"https:\/\/kalajoenvarjoliitajat.net\/wordpress\/index.php?rest_route=\/wp\/v2\/pages"}],"about":[{"href":"https:\/\/kalajoenvarjoliitajat.net\/wordpress\/index.php?rest_route=\/wp\/v2\/types\/page"}],"author":[{"embeddable":true,"href":"https:\/\/kalajoenvarjoliitajat.net\/wordpress\/index.php?rest_route=\/wp\/v2\/users\/1"}],"replies":[{"embeddable":true,"href":"https:\/\/kalajoenvarjoliitajat.net\/wordpress\/index.php?rest_route=%2Fwp%2Fv2%2Fcomments&post=20"}],"version-history":[{"count":31,"href":"https:\/\/kalajoenvarjoliitajat.net\/wordpress\/index.php?rest_route=\/wp\/v2\/pages\/20\/revisions"}],"predecessor-version":[{"id":1526,"href":"https:\/\/kalajoenvarjoliitajat.net\/wordpress\/index.php?rest_route=\/wp\/v2\/pages\/20\/revisions\/1526"}],"wp:attachment":[{"href":"https:\/\/kalajoenvarjoliitajat.net\/wordpress\/index.php?rest_route=%2Fwp%2Fv2%2Fmedia&parent=20"}],"curies":[{"name":"wp","href":"https:\/\/api.w.org\/{rel}","templated":true}]}}