{"id":166,"date":"2010-10-14T21:18:54","date_gmt":"2010-10-14T21:18:54","guid":{"rendered":"http:\/\/www.kalajoenvarjoliitajat.net\/?page_id=166"},"modified":"2016-04-22T15:32:11","modified_gmt":"2016-04-22T15:32:11","slug":"cup-kisat-2005","status":"publish","type":"page","link":"https:\/\/kalajoenvarjoliitajat.net\/wordpress\/?page_id=166","title":{"rendered":"Cup-kisat 2005"},"content":{"rendered":"<p><strong>Ylivieska 2005<\/strong><\/p>\n<p><strong> <\/strong><\/p>\n<div id=\"attachment_167\" style=\"width: 310px\" class=\"wp-caption aligncenter\"><strong><strong><a href=\"https:\/\/kalajoenvarjoliitajat.net\/wordpress\/wp-content\/uploads\/2010\/10\/startti1.jpg\"><img loading=\"lazy\" decoding=\"async\" aria-describedby=\"caption-attachment-167\" class=\"size-medium wp-image-167\" title=\"startti\" src=\"https:\/\/kalajoenvarjoliitajat.net\/wordpress\/wp-content\/uploads\/2010\/10\/startti1-300x225.jpg\" alt=\"\" width=\"300\" height=\"225\" \/><\/a><\/strong><\/strong><p id=\"caption-attachment-167\" class=\"wp-caption-text\">Startti<\/p><\/div>\n<p><strong> <\/strong>Teht\u00e4v\u00e4 20km edestakainen. Startti auki klo 11:30 ja reilun tunnin kuluttua jo 10 kilpailijaa ker\u00e4si korkeutta kent\u00e4n p\u00e4\u00e4ll\u00e4, useimmat samassa nostossa. Takatuuli hidasti startteja kolmella viimeisell\u00e4 l\u00e4htij\u00e4ll\u00e4.<br \/>\nAntti ja Javis lensi teht\u00e4v\u00e4n l\u00e4pi ennen merituulen yltymist\u00e4 iltap\u00e4iv\u00e4ll\u00e4. Akkujen loppuminen gepsist\u00e4 jo teht\u00e4v\u00e4n alussa heikensi S\u00e4mpyn motivaatiota ratkaisevasti.<\/p>\n<p><strong>Hyv\u00e4ntuulisia kilpailijoita:<\/strong><\/p>\n<div id=\"attachment_168\" style=\"width: 210px\" class=\"wp-caption aligncenter\"><a href=\"https:\/\/kalajoenvarjoliitajat.net\/wordpress\/wp-content\/uploads\/2010\/10\/antti.jpg\"><img loading=\"lazy\" decoding=\"async\" aria-describedby=\"caption-attachment-168\" class=\"size-full wp-image-168\" title=\"Antti\" src=\"https:\/\/kalajoenvarjoliitajat.net\/wordpress\/wp-content\/uploads\/2010\/10\/antti.jpg\" alt=\"\" width=\"200\" height=\"200\" \/><\/a><p id=\"caption-attachment-168\" class=\"wp-caption-text\">Antti<\/p><\/div>\n<div id=\"attachment_169\" style=\"width: 210px\" class=\"wp-caption aligncenter\"><a href=\"https:\/\/kalajoenvarjoliitajat.net\/wordpress\/wp-content\/uploads\/2010\/10\/sampy.jpg\"><img loading=\"lazy\" decoding=\"async\" aria-describedby=\"caption-attachment-169\" class=\"size-full wp-image-169\" title=\"sampy\" src=\"https:\/\/kalajoenvarjoliitajat.net\/wordpress\/wp-content\/uploads\/2010\/10\/sampy.jpg\" alt=\"\" width=\"200\" height=\"200\" \/><\/a><p id=\"caption-attachment-169\" class=\"wp-caption-text\">Sampy<\/p><\/div>\n<h4>Perjantai 03.06.2005 tulokset:<\/h4>\n<table border=\"1\" width=\"350\" bgcolor=\"#ffffcc\">\n<tbody>\n<tr height=\"21\" bgcolor=\"#99ff99\">\n<td height=\"21\">#<\/td>\n<td>Nimi<\/td>\n<td>Kerho<\/td>\n<td>Tilanne<\/td>\n<\/tr>\n<tr height=\"21\">\n<td height=\"21\" bgcolor=\"#ffffff\">1<\/td>\n<td>Jutila Antti<\/td>\n<td>KAIK<\/td>\n<td>958<\/td>\n<\/tr>\n<tr height=\"21\">\n<td height=\"21\" bgcolor=\"#ffffff\">2<\/td>\n<td>Siikanen Jarkko<\/td>\n<td>UT<\/td>\n<td>880<\/td>\n<\/tr>\n<tr height=\"21\">\n<td height=\"21\" bgcolor=\"#ffffff\">3<\/td>\n<td>Makkonen Jouni<\/td>\n<td>SIY<\/td>\n<td>777<\/td>\n<\/tr>\n<tr height=\"21\">\n<td height=\"21\" bgcolor=\"#ffffff\">4<\/td>\n<td>Pousi Mika<\/td>\n<td>PVL<\/td>\n<td>698<\/td>\n<\/tr>\n<tr height=\"21\">\n<td height=\"21\" bgcolor=\"#ffffff\">5<\/td>\n<td>Honkanen Tiina<\/td>\n<td>UT<\/td>\n<td>681<\/td>\n<\/tr>\n<tr height=\"21\">\n<td height=\"21\" bgcolor=\"#ffffff\">6<\/td>\n<td>Schwach Mika<\/td>\n<td>PVL<\/td>\n<td>679<\/td>\n<\/tr>\n<tr height=\"21\">\n<td height=\"21\" bgcolor=\"#ffffff\">7<\/td>\n<td>Niemispelto Nora<\/td>\n<td>PVL<\/td>\n<td>675<\/td>\n<\/tr>\n<tr height=\"21\">\n<td height=\"21\" bgcolor=\"#ffffff\">8<\/td>\n<td>Leino Marko<\/td>\n<td>ESV<\/td>\n<td>250<\/td>\n<\/tr>\n<tr height=\"21\">\n<td height=\"21\" bgcolor=\"#ffffff\">9<\/td>\n<td>Takanen Jari<\/td>\n<td>SIY<\/td>\n<td>225<\/td>\n<\/tr>\n<tr height=\"21\">\n<td height=\"21\" bgcolor=\"#ffffff\">10<\/td>\n<td>Takanen Taina<\/td>\n<td>SIY<\/td>\n<td>102<\/td>\n<\/tr>\n<tr height=\"21\">\n<td height=\"21\" bgcolor=\"#ffffff\">11<\/td>\n<td>Laurinen Sami<\/td>\n<td>SUI<\/td>\n<td>83<\/td>\n<\/tr>\n<tr height=\"21\">\n<td height=\"21\" bgcolor=\"#ffffff\">12<\/td>\n<td>Kein\u00e4nen Hermanni<\/td>\n<td>SFT<\/td>\n<td>5<\/td>\n<\/tr>\n<tr height=\"21\">\n<td height=\"21\" bgcolor=\"#ffffff\">13<\/td>\n<td>Kuosa Kari<\/td>\n<td>SIY<\/td>\n<td><\/td>\n<\/tr>\n<\/tbody>\n<\/table>\n<p>Tuulinen Lauantai ja kisan p\u00e4\u00e4t\u00f6s.<\/p>\n<div id=\"attachment_170\" style=\"width: 310px\" class=\"wp-caption aligncenter\"><a href=\"https:\/\/kalajoenvarjoliitajat.net\/wordpress\/wp-content\/uploads\/2010\/10\/voittajat.jpg\"><img loading=\"lazy\" decoding=\"async\" aria-describedby=\"caption-attachment-170\" class=\"size-medium wp-image-170\" title=\"voittajat\" src=\"https:\/\/kalajoenvarjoliitajat.net\/wordpress\/wp-content\/uploads\/2010\/10\/voittajat-300x225.jpg\" alt=\"\" width=\"300\" height=\"225\" \/><\/a><p id=\"caption-attachment-170\" class=\"wp-caption-text\">Vasemmalta: Jarkko Siikanen 3. - Antti Jutila 1. - Jouni Makkonen 2.<\/p><\/div>\n<p>Lauantain teht\u00e4v\u00e4: Matkalento EFYL &#8211; Merij\u00e4rvi &#8211; Ypp\u00e4ri 50,7 km. Startti auki klo 11:30. Tuuli oli kiitotien suuntainen 4-6m\/s, puskat max 9m\/s. Kovan tuulen vuoksi monet j\u00e4ttiv\u00e4t lent\u00e4m\u00e4tt\u00e4 ja vain 5 kilpailijaa p\u00e4\u00e4si matkaan. Ainoastaan Antti lensi teht\u00e4v\u00e4n l\u00e4pi ja aikaa kului vain 73min. Jounikin lensi merenrantaan asti Pyh\u00e4joelle, mutta ajautui loppumatkasta 15km reitilt\u00e4 sivuun.<\/p>\n<p>Sunnuntaiksi ennusteet lupasivat 10m\/s tuulta ja vesisadetta joten majakat jaettiin voittajille raikuvien suosionosoitusten kera.<\/p>\n<p><strong>Lopputulokset:<\/strong><\/p>\n<table border=\"1\" width=\"400\" align=\"left\">\n<tbody>\n<tr bgcolor=\"#99ff99\">\n<td width=\"27\" height=\"21\">#<\/td>\n<td width=\"121\">Nimi<\/td>\n<td width=\"55\">Kerho<\/td>\n<td width=\"50\"><strong>Tilanne<\/strong><\/td>\n<td width=\"53\">1.p\u00e4iv\u00e4<\/td>\n<td width=\"52\">2.p\u00e4iv\u00e4<\/td>\n<\/tr>\n<tr>\n<td width=\"27\" height=\"21\" bgcolor=\"#ffffff\">1<\/td>\n<td width=\"121\" bgcolor=\"#ffffcc\">Jutila Antti<\/td>\n<td width=\"55\" bgcolor=\"#ffffcc\">KAIK<\/td>\n<td width=\"50\" bgcolor=\"#ffffcc\"><strong>1926<\/strong><\/td>\n<td width=\"53\" bgcolor=\"#ffffcc\">958<\/td>\n<td width=\"52\" bgcolor=\"#ffffcc\">968<\/td>\n<\/tr>\n<tr>\n<td width=\"27\" height=\"21\" bgcolor=\"#ffffff\">2<\/td>\n<td width=\"121\" bgcolor=\"#ffffcc\">Makkonen Jouni<\/td>\n<td width=\"55\" bgcolor=\"#ffffcc\">SIY<\/td>\n<td width=\"50\" bgcolor=\"#ffffcc\"><strong>1462<\/strong><\/td>\n<td width=\"53\" bgcolor=\"#ffffcc\">777<\/td>\n<td width=\"52\" bgcolor=\"#ffffcc\">685<\/td>\n<\/tr>\n<tr>\n<td width=\"27\" height=\"21\" bgcolor=\"#ffffff\">3<\/td>\n<td width=\"121\" bgcolor=\"#ffffcc\">Siikanen Jarkko<\/td>\n<td width=\"55\" bgcolor=\"#ffffcc\">UT<\/td>\n<td width=\"50\" bgcolor=\"#ffffcc\"><strong>1437<\/strong><\/td>\n<td width=\"53\" bgcolor=\"#ffffcc\">880<\/td>\n<td width=\"52\" bgcolor=\"#ffffcc\">557<\/td>\n<\/tr>\n<tr>\n<td width=\"27\" height=\"21\" bgcolor=\"#ffffff\">4<\/td>\n<td width=\"121\" bgcolor=\"#ffffcc\">Schwach Mika<\/td>\n<td width=\"55\" bgcolor=\"#ffffcc\">PVL<\/td>\n<td width=\"50\" bgcolor=\"#ffffcc\"><strong>1015<\/strong><\/td>\n<td width=\"53\" bgcolor=\"#ffffcc\">679<\/td>\n<td width=\"52\" bgcolor=\"#ffffcc\">336<\/td>\n<\/tr>\n<tr>\n<td width=\"27\" height=\"21\" bgcolor=\"#ffffff\">5<\/td>\n<td width=\"121\" bgcolor=\"#ffffcc\">Pousi Mika<\/td>\n<td width=\"55\" bgcolor=\"#ffffcc\">PVL<\/td>\n<td width=\"50\" bgcolor=\"#ffffcc\"><strong>719<\/strong><\/td>\n<td width=\"53\" bgcolor=\"#ffffcc\">698<\/td>\n<td width=\"52\" bgcolor=\"#ffffcc\">21<\/td>\n<\/tr>\n<tr>\n<td width=\"27\" height=\"21\" bgcolor=\"#ffffff\">6<\/td>\n<td width=\"121\" bgcolor=\"#ffffcc\">Honkanen Tiina<\/td>\n<td width=\"55\" bgcolor=\"#ffffcc\">UT<\/td>\n<td width=\"50\" bgcolor=\"#ffffcc\"><strong>681<\/strong><\/td>\n<td width=\"53\" bgcolor=\"#ffffcc\">681<\/td>\n<td width=\"52\" bgcolor=\"#ffffcc\"><\/td>\n<\/tr>\n<tr>\n<td width=\"27\" height=\"21\" bgcolor=\"#ffffff\">7<\/td>\n<td width=\"121\" bgcolor=\"#ffffcc\">Niemispelto Nora<\/td>\n<td width=\"55\" bgcolor=\"#ffffcc\">PVL<\/td>\n<td width=\"50\" bgcolor=\"#ffffcc\"><strong>675<\/strong><\/td>\n<td width=\"53\" bgcolor=\"#ffffcc\">675<\/td>\n<td width=\"52\" bgcolor=\"#ffffcc\"><\/td>\n<\/tr>\n<tr>\n<td width=\"27\" height=\"21\" bgcolor=\"#ffffff\">8<\/td>\n<td width=\"121\" bgcolor=\"#ffffcc\">Leino Marko<\/td>\n<td width=\"55\" bgcolor=\"#ffffcc\">ESV<\/td>\n<td width=\"50\" bgcolor=\"#ffffcc\"><strong>250<\/strong><\/td>\n<td width=\"53\" bgcolor=\"#ffffcc\">250<\/td>\n<td width=\"52\" bgcolor=\"#ffffcc\"><\/td>\n<\/tr>\n<tr>\n<td width=\"27\" height=\"21\" bgcolor=\"#ffffff\">9<\/td>\n<td width=\"121\" bgcolor=\"#ffffcc\">Takanen Jari<\/td>\n<td width=\"55\" bgcolor=\"#ffffcc\">SIY<\/td>\n<td width=\"50\" bgcolor=\"#ffffcc\"><strong>225<\/strong><\/td>\n<td width=\"53\" bgcolor=\"#ffffcc\">225<\/td>\n<td width=\"52\" bgcolor=\"#ffffcc\"><\/td>\n<\/tr>\n<tr>\n<td width=\"27\" height=\"21\" bgcolor=\"#ffffff\">10<\/td>\n<td width=\"121\" bgcolor=\"#ffffcc\">Takanen Taina<\/td>\n<td width=\"55\" bgcolor=\"#ffffcc\">SIY<\/td>\n<td width=\"50\" bgcolor=\"#ffffcc\"><strong>102<\/strong><\/td>\n<td width=\"53\" bgcolor=\"#ffffcc\">102<\/td>\n<td width=\"52\" bgcolor=\"#ffffcc\"><\/td>\n<\/tr>\n<tr>\n<td width=\"27\" height=\"21\" bgcolor=\"#ffffff\">11<\/td>\n<td width=\"121\" bgcolor=\"#ffffcc\">Laurinen Sami<\/td>\n<td width=\"55\" bgcolor=\"#ffffcc\">SUI<\/td>\n<td width=\"50\" bgcolor=\"#ffffcc\"><strong>83<\/strong><\/td>\n<td width=\"53\" bgcolor=\"#ffffcc\">83<\/td>\n<td width=\"52\" bgcolor=\"#ffffcc\"><\/td>\n<\/tr>\n<tr>\n<td width=\"27\" height=\"21\" bgcolor=\"#ffffff\">12<\/td>\n<td width=\"121\" bgcolor=\"#ffffcc\">Kein\u00e4nen Hermanni<\/td>\n<td width=\"55\" bgcolor=\"#ffffcc\">SFT<\/td>\n<td width=\"50\" bgcolor=\"#ffffcc\"><strong>5<\/strong><\/td>\n<td width=\"53\" bgcolor=\"#ffffcc\">5<\/td>\n<td width=\"52\" bgcolor=\"#ffffcc\"><\/td>\n<\/tr>\n<tr>\n<td width=\"27\" height=\"21\" bgcolor=\"#ffffff\">13<\/td>\n<td width=\"121\" bgcolor=\"#ffffcc\">Kuosa Kari<\/td>\n<td width=\"55\" bgcolor=\"#ffffcc\">SIY<\/td>\n<td width=\"50\" bgcolor=\"#ffffcc\"><\/td>\n<td width=\"53\" bgcolor=\"#ffffcc\"><\/td>\n<td width=\"52\" bgcolor=\"#ffffcc\"><\/td>\n<\/tr>\n<\/tbody>\n<\/table>\n","protected":false},"excerpt":{"rendered":"<p>Ylivieska 2005 Teht\u00e4v\u00e4 20km edestakainen. Startti auki klo 11:30 ja reilun tunnin kuluttua jo 10 kilpailijaa ker\u00e4si korkeutta kent\u00e4n p\u00e4\u00e4ll\u00e4, useimmat samassa nostossa. Takatuuli hidasti startteja kolmella viimeisell\u00e4 l\u00e4htij\u00e4ll\u00e4. Antti ja Javis lensi teht\u00e4v\u00e4n l\u00e4pi ennen merituulen yltymist\u00e4 iltap\u00e4iv\u00e4ll\u00e4. Akkujen loppuminen gepsist\u00e4 jo teht\u00e4v\u00e4n alussa heikensi S\u00e4mpyn motivaatiota ratkaisevasti. Hyv\u00e4ntuulisia kilpailijoita: Perjantai 03.06.2005 tulokset: # [&hellip;]<\/p>\n","protected":false},"author":1,"featured_media":0,"parent":27,"menu_order":10,"comment_status":"closed","ping_status":"closed","template":"","meta":{"footnotes":""},"class_list":["post-166","page","type-page","status-publish","hentry"],"_links":{"self":[{"href":"https:\/\/kalajoenvarjoliitajat.net\/wordpress\/index.php?rest_route=\/wp\/v2\/pages\/166","targetHints":{"allow":["GET"]}}],"collection":[{"href":"https:\/\/kalajoenvarjoliitajat.net\/wordpress\/index.php?rest_route=\/wp\/v2\/pages"}],"about":[{"href":"https:\/\/kalajoenvarjoliitajat.net\/wordpress\/index.php?rest_route=\/wp\/v2\/types\/page"}],"author":[{"embeddable":true,"href":"https:\/\/kalajoenvarjoliitajat.net\/wordpress\/index.php?rest_route=\/wp\/v2\/users\/1"}],"replies":[{"embeddable":true,"href":"https:\/\/kalajoenvarjoliitajat.net\/wordpress\/index.php?rest_route=%2Fwp%2Fv2%2Fcomments&post=166"}],"version-history":[{"count":5,"href":"https:\/\/kalajoenvarjoliitajat.net\/wordpress\/index.php?rest_route=\/wp\/v2\/pages\/166\/revisions"}],"predecessor-version":[{"id":547,"href":"https:\/\/kalajoenvarjoliitajat.net\/wordpress\/index.php?rest_route=\/wp\/v2\/pages\/166\/revisions\/547"}],"up":[{"embeddable":true,"href":"https:\/\/kalajoenvarjoliitajat.net\/wordpress\/index.php?rest_route=\/wp\/v2\/pages\/27"}],"wp:attachment":[{"href":"https:\/\/kalajoenvarjoliitajat.net\/wordpress\/index.php?rest_route=%2Fwp%2Fv2%2Fmedia&parent=166"}],"curies":[{"name":"wp","href":"https:\/\/api.w.org\/{rel}","templated":true}]}}