{"id":163,"date":"2010-10-14T21:13:10","date_gmt":"2010-10-14T21:13:10","guid":{"rendered":"http:\/\/www.kalajoenvarjoliitajat.net\/?page_id=163"},"modified":"2010-10-14T22:56:05","modified_gmt":"2010-10-14T22:56:05","slug":"cup-kisat-2004","status":"publish","type":"page","link":"https:\/\/kalajoenvarjoliitajat.net\/wordpress\/?page_id=163","title":{"rendered":"Cup-kisat 2004"},"content":{"rendered":"<p><strong>Ylivieska 2004<\/strong><\/p>\n<p>Lauantain aamubriefingiss\u00e4 Huhmarkalliolla oli 13 kilpailijaa innoissaan odottamassa kilpailun alkua. Edellisenp\u00e4iv\u00e4n harjoituslennot lupailivat hyv\u00e4\u00e4 2300m parhaat korkeudet ja jopa 50km matkalentojakin oli lennettyin\u00e4.<\/p>\n<p>Teht\u00e4v\u00e4nanto kent\u00e4ll\u00e4 klo 11.00 , n. 38km my\u00f6t\u00e4tuuleen Meht\u00e4kyl\u00e4\u00e4n. Startti auki klo 12 ja muutamia hinauksia kovenevassa tuulessa joka viel\u00e4 aluksi oli kiitotien suuntainen, mutta voimistui ja k\u00e4\u00e4ntyi poikittain. P\u00e4iv\u00e4 peruttiin klo 16.00 olosuhteiden muututtua lentokelvottomiksi.<\/p>\n<p>Sunnuntaina aamup\u00e4iv\u00e4ll\u00e4 aurinko paistoi pilvien lomasta mutta tuuli vain oli viel\u00e4kin poikittain kiitotielle ja liian voimakas. Kelinteko oli j\u00e4\u00e4nyt v\u00e4h\u00e4n puolitiehen. Koska parempaa s\u00e4\u00e4t\u00e4 ei ollut luvassa kilpailup\u00e4iv\u00e4 peruttiin.<\/p>\n<p>Vuodenp\u00e4\u00e4st\u00e4 yritet\u00e4\u00e4n uudelleen.<\/p>\n","protected":false},"excerpt":{"rendered":"<p>Ylivieska 2004 Lauantain aamubriefingiss\u00e4 Huhmarkalliolla oli 13 kilpailijaa innoissaan odottamassa kilpailun alkua. Edellisenp\u00e4iv\u00e4n harjoituslennot lupailivat hyv\u00e4\u00e4 2300m parhaat korkeudet ja jopa 50km matkalentojakin oli lennettyin\u00e4. Teht\u00e4v\u00e4nanto kent\u00e4ll\u00e4 klo 11.00 , n. 38km my\u00f6t\u00e4tuuleen Meht\u00e4kyl\u00e4\u00e4n. Startti auki klo 12 ja muutamia hinauksia kovenevassa tuulessa joka viel\u00e4 aluksi oli kiitotien suuntainen, mutta voimistui ja k\u00e4\u00e4ntyi poikittain. P\u00e4iv\u00e4 [&hellip;]<\/p>\n","protected":false},"author":1,"featured_media":0,"parent":27,"menu_order":8,"comment_status":"closed","ping_status":"closed","template":"","meta":{"footnotes":""},"class_list":["post-163","page","type-page","status-publish","hentry"],"_links":{"self":[{"href":"https:\/\/kalajoenvarjoliitajat.net\/wordpress\/index.php?rest_route=\/wp\/v2\/pages\/163","targetHints":{"allow":["GET"]}}],"collection":[{"href":"https:\/\/kalajoenvarjoliitajat.net\/wordpress\/index.php?rest_route=\/wp\/v2\/pages"}],"about":[{"href":"https:\/\/kalajoenvarjoliitajat.net\/wordpress\/index.php?rest_route=\/wp\/v2\/types\/page"}],"author":[{"embeddable":true,"href":"https:\/\/kalajoenvarjoliitajat.net\/wordpress\/index.php?rest_route=\/wp\/v2\/users\/1"}],"replies":[{"embeddable":true,"href":"https:\/\/kalajoenvarjoliitajat.net\/wordpress\/index.php?rest_route=%2Fwp%2Fv2%2Fcomments&post=163"}],"version-history":[{"count":3,"href":"https:\/\/kalajoenvarjoliitajat.net\/wordpress\/index.php?rest_route=\/wp\/v2\/pages\/163\/revisions"}],"predecessor-version":[{"id":269,"href":"https:\/\/kalajoenvarjoliitajat.net\/wordpress\/index.php?rest_route=\/wp\/v2\/pages\/163\/revisions\/269"}],"up":[{"embeddable":true,"href":"https:\/\/kalajoenvarjoliitajat.net\/wordpress\/index.php?rest_route=\/wp\/v2\/pages\/27"}],"wp:attachment":[{"href":"https:\/\/kalajoenvarjoliitajat.net\/wordpress\/index.php?rest_route=%2Fwp%2Fv2%2Fmedia&parent=163"}],"curies":[{"name":"wp","href":"https:\/\/api.w.org\/{rel}","templated":true}]}}