{"id":135,"date":"2010-10-14T15:35:29","date_gmt":"2010-10-14T15:35:29","guid":{"rendered":"http:\/\/www.kalajoenvarjoliitajat.net\/?page_id=135"},"modified":"2016-04-22T15:17:19","modified_gmt":"2016-04-22T15:17:19","slug":"ranking-kisat-2002","status":"publish","type":"page","link":"https:\/\/kalajoenvarjoliitajat.net\/wordpress\/?page_id=135","title":{"rendered":"Ranking kisat 2002"},"content":{"rendered":"<p style=\"text-align: center;\">Tuulinen Lauantai<br \/>\n<a href=\"https:\/\/kalajoenvarjoliitajat.net\/wordpress\/wp-content\/uploads\/2010\/10\/startti.jpg\"><img loading=\"lazy\" decoding=\"async\" class=\"aligncenter size-medium wp-image-136\" title=\"startti\" src=\"https:\/\/kalajoenvarjoliitajat.net\/wordpress\/wp-content\/uploads\/2010\/10\/startti-300x224.jpg\" alt=\"\" width=\"300\" height=\"224\" \/><\/a><\/p>\n<p>Ensimm\u00e4isess\u00e4 Briefingiss\u00e4 n\u00e4htiin, ett\u00e4 10% ylibookkaus oli onnistunut valinta. Peruutusten j\u00e4lkeen osallistujam\u00e4\u00e4r\u00e4ksi j\u00e4i viel\u00e4 tasan 20. Tuuli oli kohtalaisen voimakasta ja suuntakin l\u00e4hes poikittain kiitotielle. Briefingi\u00e4 siirrettiin viel\u00e4 pariin otteeseen ja viimein tuulen hieman heiketty\u00e4 l\u00e4ht\u00f6linja aukesi klo 15.40. Teht\u00e4v\u00e4 28.9km my\u00f6t\u00e4tuuleen Leppiper\u00e4lle. Antti p\u00e4\u00e4si heti ensimm\u00e4isell\u00e4 hinauksella yl\u00f6s pilvenpohjiin ja matkalle. Hetkitt\u00e4in tuuli puhalteli viel\u00e4 puuskissa mittariin 5-6m\/s lukemia, mutta mittarin ep\u00e4iltiin n\u00e4ytt\u00e4v\u00e4n alakanttiin. Osa kilpailijoista siirtyi odotukseen, mutta hinauksiakin otettiin harvakseltaan ja aina joku p\u00e4\u00e4si matkallekkin. Vajaata puoltatuntia ennen startin sulkeutumista tuuli heikkeni huomattavasti ja l\u00e4hes kaikki loputkin huusivat itsens\u00e4 jonoon. Paitsi R\u00e4m\u00f6n Kari, joka oli rullannut jo liitimens\u00e4 pussiin. Antti lensi ainoana maaliin ja vain viisi muuta kilpailijaa sai lennetty\u00e4 mainittavia matkoja, toisten tipuskellessa l\u00e4hipelloille. Uusista tulokkaista Sami Laurinen ja Kimmo Karjalainen suoriutuivat hienosti kuuden parhaan joukkoon.<\/p>\n<p>Startti suljettiin klo 17.30 ja alkoi gepsien ker\u00e4ily kilpailijoilta. Riitta kokoili hakuautolla viimeiset lent\u00e4j\u00e4t peltojen reunoilta ja tuloslaskenta askarteli jo Huhmarin ilmastoidussa kisatoimistossa.<\/p>\n<p style=\"text-align: center;\">S\u00e4\u00e4ennuste lupasi sunnuntaiksi heikompaa tuulta<\/p>\n<p style=\"text-align: center;\"><a href=\"https:\/\/kalajoenvarjoliitajat.net\/wordpress\/wp-content\/uploads\/2010\/10\/pussit.jpg\"><img loading=\"lazy\" decoding=\"async\" class=\"aligncenter size-full wp-image-137\" title=\"pussit\" src=\"https:\/\/kalajoenvarjoliitajat.net\/wordpress\/wp-content\/uploads\/2010\/10\/pussit.jpg\" alt=\"\" width=\"100\" height=\"75\" \/><\/a><br \/>\n<strong> Selkenev\u00e4 Sunnuntai<\/strong><br \/>\n<a href=\"https:\/\/kalajoenvarjoliitajat.net\/wordpress\/wp-content\/uploads\/2010\/10\/vesku.jpg\"><img loading=\"lazy\" decoding=\"async\" class=\"aligncenter size-medium wp-image-138\" title=\"vesku\" src=\"https:\/\/kalajoenvarjoliitajat.net\/wordpress\/wp-content\/uploads\/2010\/10\/vesku-300x225.jpg\" alt=\"\" width=\"300\" height=\"225\" \/><\/a><\/p>\n<p style=\"text-align: left;\">\n<p>Antti oli pois sunnuntaina kisasta ty\u00f6esteitten takia ja antoi n\u00e4in sopivasti tasoitusta muille. Aamup\u00e4iv\u00e4ll\u00e4 taivas oli tummapohjaisten pilvien peitossa ja hetkitt\u00e4in ripisteli v\u00e4h\u00e4n vett\u00e4kin. Puoliltap\u00e4ivin kuitenkin taivaalla n\u00e4kyi jo pieni\u00e4 reiki\u00e4 pilvipeitteess\u00e4. Teht\u00e4v\u00e4 23.6km Nivalan taakse Haapaper\u00e4lle, sivumy\u00f6t\u00e4iseen tuuleen. Startti aukeni 14.30 ja keli parani kokoajan eik\u00e4 tuulikaan yltynyt liiaksi. Useita kilpailijoita p\u00e4\u00e4si pilvijonon pohjaan ja joista viisi lensi maaliin. Puolet kisailijoista j\u00e4i taas alle 6km:n.<\/p>\n<p><strong>Lopputulokset:<\/strong><br \/>\n<strong>1.<\/strong> Marko Leino<br \/>\n<strong>2.<\/strong> Sami Laurinen<br \/>\n<strong>3.<\/strong> Antti Jutila<\/p>\n<p><a href=\"https:\/\/kalajoenvarjoliitajat.net\/wordpress\/wp-content\/uploads\/2010\/10\/make.jpg\"><img loading=\"lazy\" decoding=\"async\" class=\"aligncenter size-full wp-image-139\" title=\"make\" src=\"https:\/\/kalajoenvarjoliitajat.net\/wordpress\/wp-content\/uploads\/2010\/10\/make.jpg\" alt=\"\" width=\"114\" height=\"135\" \/><\/a><a href=\"https:\/\/kalajoenvarjoliitajat.net\/wordpress\/wp-content\/uploads\/2010\/10\/sami.jpg\"><img loading=\"lazy\" decoding=\"async\" class=\"aligncenter size-full wp-image-140\" title=\"sami\" src=\"https:\/\/kalajoenvarjoliitajat.net\/wordpress\/wp-content\/uploads\/2010\/10\/sami.jpg\" alt=\"\" width=\"120\" height=\"123\" \/><\/a><a href=\"https:\/\/kalajoenvarjoliitajat.net\/wordpress\/wp-content\/uploads\/2010\/10\/antti.jpg\"><img loading=\"lazy\" decoding=\"async\" class=\"aligncenter size-full wp-image-141\" title=\"antti\" src=\"https:\/\/kalajoenvarjoliitajat.net\/wordpress\/wp-content\/uploads\/2010\/10\/antti.jpg\" alt=\"\" width=\"120\" height=\"152\" \/><\/a><\/p>\n<table border=\"0\" cellspacing=\"0\" cellpadding=\"10\" width=\"100%\" bgcolor=\"#ffffff\">\n<tbody>\n<tr>\n<td>Ylivieska<\/td>\n<td align=\"right\">13.7.2002<\/td>\n<td>&#8211;<\/td>\n<td>14.7.2002<\/td>\n<td><\/td>\n<td><\/td>\n<\/tr>\n<tr>\n<td height=\"21\"><\/td>\n<td><\/td>\n<td><\/td>\n<td><\/td>\n<td><\/td>\n<td><\/td>\n<td><\/td>\n<td><\/td>\n<\/tr>\n<tr>\n<td height=\"21\"><\/td>\n<td><\/td>\n<td><\/td>\n<td><\/td>\n<td><\/td>\n<td><\/td>\n<td><\/td>\n<td><\/td>\n<\/tr>\n<tr>\n<td height=\"21\"><\/td>\n<td><\/td>\n<td>Nimi<\/td>\n<td>Kerho<\/td>\n<td>Liidin<\/td>\n<td>Tilanne<\/td>\n<td>1.p\u00e4iv\u00e4<\/td>\n<td>2.p\u00e4iv\u00e4<\/td>\n<\/tr>\n<tr>\n<td height=\"21\">1<\/td>\n<td><\/td>\n<td>Leino Marko<\/td>\n<td>SRPG<\/td>\n<td>664 Apco Baghera<\/td>\n<td>1102<\/td>\n<td>646<\/td>\n<td>456<\/td>\n<\/tr>\n<tr>\n<td height=\"21\">2<\/td>\n<td><\/td>\n<td>Laurinen Sami<\/td>\n<td>SIY<\/td>\n<td>659 Gradient Onyx<\/td>\n<td>977<\/td>\n<td>671<\/td>\n<td>306<\/td>\n<\/tr>\n<tr>\n<td height=\"21\">3<\/td>\n<td><\/td>\n<td>Jutila Antti<\/td>\n<td>KAIK<\/td>\n<td>770 Ozone Octane<\/td>\n<td>903<\/td>\n<td>903<\/td>\n<td><\/td>\n<\/tr>\n<tr>\n<td height=\"21\">4<\/td>\n<td><\/td>\n<td>Makkonen Jouni<\/td>\n<td>SIY<\/td>\n<td>880 Gradient Avax RS<\/td>\n<td>843<\/td>\n<td>41<\/td>\n<td>802<\/td>\n<\/tr>\n<tr>\n<td height=\"21\">5<\/td>\n<td><\/td>\n<td>Pousi Mika<\/td>\n<td>PVL<\/td>\n<td>747 Firebird Booster<\/td>\n<td>795<\/td>\n<td>53<\/td>\n<td>742<\/td>\n<\/tr>\n<tr>\n<td height=\"21\">6<\/td>\n<td><\/td>\n<td>Seppi Harri<\/td>\n<td>HVS<\/td>\n<td>778 Apco Simba<\/td>\n<td>775<\/td>\n<td>311<\/td>\n<td>464<\/td>\n<\/tr>\n<tr>\n<td height=\"21\">7<\/td>\n<td><\/td>\n<td>Hyv\u00e4rinen Samuli<\/td>\n<td>SVK<\/td>\n<td>738 Swing Astral 3<\/td>\n<td>757<\/td>\n<td>44<\/td>\n<td>713<\/td>\n<\/tr>\n<tr>\n<td height=\"21\">8<\/td>\n<td><\/td>\n<td>Rahko Eero<\/td>\n<td>KAIK<\/td>\n<td>863 Airwave Sport<\/td>\n<td>750<\/td>\n<td>78<\/td>\n<td>672<\/td>\n<\/tr>\n<tr>\n<td height=\"21\">9<\/td>\n<td><\/td>\n<td>R\u00e4m\u00f6 Kari<\/td>\n<td>PVL<\/td>\n<td>862 Gin Oasis<\/td>\n<td>713<\/td>\n<td><\/td>\n<td>713<\/td>\n<\/tr>\n<tr>\n<td height=\"21\">10<\/td>\n<td><\/td>\n<td>Rikkonen Ari<\/td>\n<td>SRPG<\/td>\n<td>901 Ozone Octane<\/td>\n<td>471<\/td>\n<td>455<\/td>\n<td>16<\/td>\n<\/tr>\n<tr>\n<td height=\"21\">11<\/td>\n<td><\/td>\n<td>Karjalainen Kimmo<\/td>\n<td>SKFT<\/td>\n<td>871 Swing Astral 3<\/td>\n<td>447<\/td>\n<td>395<\/td>\n<td>52<\/td>\n<\/tr>\n<tr>\n<td height=\"21\">12<\/td>\n<td><\/td>\n<td>Blomberg Jony<\/td>\n<td>SRPG<\/td>\n<td>894 Gin Nomad<\/td>\n<td>433<\/td>\n<td>28<\/td>\n<td>405<\/td>\n<\/tr>\n<tr>\n<td height=\"21\">13<\/td>\n<td><\/td>\n<td>Kyt\u00f6korpi Iikka<\/td>\n<td>KAIK<\/td>\n<td>661 Firebied Matrix<\/td>\n<td>312<\/td>\n<td>100<\/td>\n<td>212<\/td>\n<\/tr>\n<tr>\n<td height=\"21\">14<\/td>\n<td><\/td>\n<td>Takanen Taina<\/td>\n<td>SIY<\/td>\n<td>882 Gradien Bliss<\/td>\n<td>157<\/td>\n<td>110<\/td>\n<td>47<\/td>\n<\/tr>\n<tr>\n<td height=\"21\">15<\/td>\n<td><\/td>\n<td>Kotila Reijo<\/td>\n<td>KAIK<\/td>\n<td>598 Airea Shape<\/td>\n<td>113<\/td>\n<td>66<\/td>\n<td>47<\/td>\n<\/tr>\n<tr>\n<td height=\"21\">16<\/td>\n<td><\/td>\n<td>Saalasti Juha<\/td>\n<td>KSV<\/td>\n<td>495 Apco Futura<\/td>\n<td>83<\/td>\n<td>3<\/td>\n<td>80<\/td>\n<\/tr>\n<tr>\n<td height=\"21\">17<\/td>\n<td><\/td>\n<td>Tolppa Vesa<\/td>\n<td>JRL<\/td>\n<td>701 Firebird Matrix<\/td>\n<td>78<\/td>\n<td><\/td>\n<td>78<\/td>\n<\/tr>\n<tr>\n<td height=\"21\">18<\/td>\n<td><\/td>\n<td>Kuosa Kari<\/td>\n<td>SIY<\/td>\n<td>623 Gradient Topas<\/td>\n<td>64<\/td>\n<td>31<\/td>\n<td>33<\/td>\n<\/tr>\n<tr>\n<td height=\"21\">19<\/td>\n<td><\/td>\n<td>Rantala Petri<\/td>\n<td>EPVL<\/td>\n<td>852 Apco Simba<\/td>\n<td>31<\/td>\n<td>31<\/td>\n<td><\/td>\n<\/tr>\n<tr>\n<td height=\"21\">20<\/td>\n<td><\/td>\n<td>Alaraudanjoki Esa<\/td>\n<td>HVS<\/td>\n<td>686 Firebird Booster<\/td>\n<td><\/td>\n<td><\/td>\n<td><\/td>\n<\/tr>\n<\/tbody>\n<\/table>\n","protected":false},"excerpt":{"rendered":"<p>Tuulinen Lauantai Ensimm\u00e4isess\u00e4 Briefingiss\u00e4 n\u00e4htiin, ett\u00e4 10% ylibookkaus oli onnistunut valinta. Peruutusten j\u00e4lkeen osallistujam\u00e4\u00e4r\u00e4ksi j\u00e4i viel\u00e4 tasan 20. Tuuli oli kohtalaisen voimakasta ja suuntakin l\u00e4hes poikittain kiitotielle. Briefingi\u00e4 siirrettiin viel\u00e4 pariin otteeseen ja viimein tuulen hieman heiketty\u00e4 l\u00e4ht\u00f6linja aukesi klo 15.40. Teht\u00e4v\u00e4 28.9km my\u00f6t\u00e4tuuleen Leppiper\u00e4lle. Antti p\u00e4\u00e4si heti ensimm\u00e4isell\u00e4 hinauksella yl\u00f6s pilvenpohjiin ja matkalle. Hetkitt\u00e4in [&hellip;]<\/p>\n","protected":false},"author":1,"featured_media":0,"parent":27,"menu_order":3,"comment_status":"closed","ping_status":"closed","template":"","meta":{"footnotes":""},"class_list":["post-135","page","type-page","status-publish","hentry"],"_links":{"self":[{"href":"https:\/\/kalajoenvarjoliitajat.net\/wordpress\/index.php?rest_route=\/wp\/v2\/pages\/135","targetHints":{"allow":["GET"]}}],"collection":[{"href":"https:\/\/kalajoenvarjoliitajat.net\/wordpress\/index.php?rest_route=\/wp\/v2\/pages"}],"about":[{"href":"https:\/\/kalajoenvarjoliitajat.net\/wordpress\/index.php?rest_route=\/wp\/v2\/types\/page"}],"author":[{"embeddable":true,"href":"https:\/\/kalajoenvarjoliitajat.net\/wordpress\/index.php?rest_route=\/wp\/v2\/users\/1"}],"replies":[{"embeddable":true,"href":"https:\/\/kalajoenvarjoliitajat.net\/wordpress\/index.php?rest_route=%2Fwp%2Fv2%2Fcomments&post=135"}],"version-history":[{"count":6,"href":"https:\/\/kalajoenvarjoliitajat.net\/wordpress\/index.php?rest_route=\/wp\/v2\/pages\/135\/revisions"}],"predecessor-version":[{"id":538,"href":"https:\/\/kalajoenvarjoliitajat.net\/wordpress\/index.php?rest_route=\/wp\/v2\/pages\/135\/revisions\/538"}],"up":[{"embeddable":true,"href":"https:\/\/kalajoenvarjoliitajat.net\/wordpress\/index.php?rest_route=\/wp\/v2\/pages\/27"}],"wp:attachment":[{"href":"https:\/\/kalajoenvarjoliitajat.net\/wordpress\/index.php?rest_route=%2Fwp%2Fv2%2Fmedia&parent=135"}],"curies":[{"name":"wp","href":"https:\/\/api.w.org\/{rel}","templated":true}]}}