{"id":124,"date":"2010-10-14T15:14:25","date_gmt":"2010-10-14T15:14:25","guid":{"rendered":"http:\/\/www.kalajoenvarjoliitajat.net\/?page_id=124"},"modified":"2010-10-14T22:59:18","modified_gmt":"2010-10-14T22:59:18","slug":"toimintavuosi-2001-tasaista-nousua","status":"publish","type":"page","link":"https:\/\/kalajoenvarjoliitajat.net\/wordpress\/?page_id=124","title":{"rendered":"Toimintavuosi 2001 \u2013 Tasaista nousua"},"content":{"rendered":"<p>Kalajoen Ilmailukerho ry<\/p>\n<p>Alkuvuodesta varjoliitotoiminta erkani emokerhostaan omaksi ja taloudellisesti itsen\u00e4iseksi jaokseksi. Jakaantuminen virkisti jo ennest\u00e4\u00e4nkin aktiivista toimintaa. Varjoliitoj\u00e4senm\u00e4\u00e4r\u00e4 pysyi edelleen 50:ss\u00e4.<\/p>\n<p>Talven aikana koulutetuista oppilaista 7 sai PP2 lentoluvan vuoden aikana. Lokakuussa 2001alkaneelle kurssille tuli 3 uutta oppilasta koulutukseen.<\/p>\n<p>Lentotoiminta vilkastui verrattuna edellisvuoteen. Vuoden aikana kertyi hinauksia 2269 kpl ja lentop\u00e4ivi\u00e4 78.<br \/>\nKausikortteja my\u00f6tiin yll\u00e4tt\u00e4v\u00e4n paljon, 25 kpl. Lentotoimintaa oli Ylivieskan kent\u00e4ll\u00e4 melkein joka viikonloppuna. Jos ei ollut keli\u00e4 niin sitten istuttiin sy\u00f6m\u00e4ss\u00e4 ev\u00e4it\u00e4 tuulensuojassa hinausauton takana. Hinausvuorolista oli ensimm\u00e4ist\u00e4 kertaa k\u00e4yt\u00f6ss\u00e4 ja kokemukset siit\u00e4 olivat hyvi\u00e4. Pient\u00e4 lipsumista hinausvuoroista, mutta se ei est\u00e4nyt lent\u00e4mist\u00e4. Kes\u00e4\u00e4n mahtui muutamia poikkeuksellisen hyvi\u00e4 kelip\u00e4ivi\u00e4. Ylivieskan kent\u00e4n uusi korkeusenn\u00e4tys 31.05.2001 2541m Iikalle. Antti lensi 05.05.2001kent\u00e4n uuden matkaenn\u00e4tyksen 88km. Uusia matkalent\u00e4ji\u00e4kin tuli muutamia. Ainakin Riitta, Kaisa ja Pekka saivat 10km rikki ensimm\u00e4ist\u00e4 kertaa. Kerhokilpailun palkinto menee kuitenkin todenn\u00e4k\u00f6isesti Antille.<\/p>\n<p>Kerholaiset kerkesiv\u00e4t osallistua my\u00f6s muiden j\u00e4rjest\u00e4miin tapahtumiin. Talven jatkokoulutus tapahtumaan ja kev\u00e4\u00e4ll\u00e4 Malagan lentoreissulle l\u00e4htiv\u00e4t innoikkaimmat ker\u00e4\u00e4m\u00e4\u00e4n kokemuksia.<\/p>\n<p>Leirin osallistujam\u00e4\u00e4r\u00e4 63 ja hinauksia 9 leirip\u00e4iv\u00e4n aikana vedettiin 545kpl. Kaikki leirip\u00e4iv\u00e4t oli lennett\u00e4vi\u00e4 ja p\u00e4ivitt\u00e4iset hinausm\u00e4\u00e4r\u00e4t vaihtelivat 5:st\u00e4 135:een. Osallistujia etel\u00e4suomesta oli edellsivuosia enemm\u00e4n. Lyhyt kertomus ja kuvia 2001 leirijutussa.<\/p>\n<p>SM kisojen osallistujam\u00e4\u00e4r\u00e4 17kpl oli kaikkien aikojen enn\u00e4tys. My\u00f6s s\u00e4\u00e4t suosivat kilpailuja ja mitalit voitiin taas jakaa voittajille. Tarkemmin kisoista kerrotaan kisajutussa.<\/p>\n<p>Saanank\u00e4vij\u00f6it\u00e4 eiv\u00e4t s\u00e4\u00e4t suosineeet t\u00e4n\u00e4k\u00e4\u00e4n vuonna. Vain yhten\u00e4 p\u00e4iv\u00e4n\u00e4 kelit osuivat kohdalleen ja silloin Saanaj\u00e4rven puoleisen rinteen nostossa kaarteli 8liidint\u00e4.<\/p>\n<p>Marraskuussa olikin vuorossa Lanzaroten matka, j\u00e4lleen aktiivisimmat kerholaiset asialla.<\/p>\n","protected":false},"excerpt":{"rendered":"<p>Kalajoen Ilmailukerho ry Alkuvuodesta varjoliitotoiminta erkani emokerhostaan omaksi ja taloudellisesti itsen\u00e4iseksi jaokseksi. Jakaantuminen virkisti jo ennest\u00e4\u00e4nkin aktiivista toimintaa. Varjoliitoj\u00e4senm\u00e4\u00e4r\u00e4 pysyi edelleen 50:ss\u00e4. Talven aikana koulutetuista oppilaista 7 sai PP2 lentoluvan vuoden aikana. Lokakuussa 2001alkaneelle kurssille tuli 3 uutta oppilasta koulutukseen. Lentotoiminta vilkastui verrattuna edellisvuoteen. Vuoden aikana kertyi hinauksia 2269 kpl ja lentop\u00e4ivi\u00e4 78. Kausikortteja my\u00f6tiin [&hellip;]<\/p>\n","protected":false},"author":1,"featured_media":0,"parent":27,"menu_order":0,"comment_status":"closed","ping_status":"closed","template":"","meta":{"footnotes":""},"class_list":["post-124","page","type-page","status-publish","hentry"],"_links":{"self":[{"href":"https:\/\/kalajoenvarjoliitajat.net\/wordpress\/index.php?rest_route=\/wp\/v2\/pages\/124","targetHints":{"allow":["GET"]}}],"collection":[{"href":"https:\/\/kalajoenvarjoliitajat.net\/wordpress\/index.php?rest_route=\/wp\/v2\/pages"}],"about":[{"href":"https:\/\/kalajoenvarjoliitajat.net\/wordpress\/index.php?rest_route=\/wp\/v2\/types\/page"}],"author":[{"embeddable":true,"href":"https:\/\/kalajoenvarjoliitajat.net\/wordpress\/index.php?rest_route=\/wp\/v2\/users\/1"}],"replies":[{"embeddable":true,"href":"https:\/\/kalajoenvarjoliitajat.net\/wordpress\/index.php?rest_route=%2Fwp%2Fv2%2Fcomments&post=124"}],"version-history":[{"count":3,"href":"https:\/\/kalajoenvarjoliitajat.net\/wordpress\/index.php?rest_route=\/wp\/v2\/pages\/124\/revisions"}],"predecessor-version":[{"id":278,"href":"https:\/\/kalajoenvarjoliitajat.net\/wordpress\/index.php?rest_route=\/wp\/v2\/pages\/124\/revisions\/278"}],"up":[{"embeddable":true,"href":"https:\/\/kalajoenvarjoliitajat.net\/wordpress\/index.php?rest_route=\/wp\/v2\/pages\/27"}],"wp:attachment":[{"href":"https:\/\/kalajoenvarjoliitajat.net\/wordpress\/index.php?rest_route=%2Fwp%2Fv2%2Fmedia&parent=124"}],"curies":[{"name":"wp","href":"https:\/\/api.w.org\/{rel}","templated":true}]}}