{"id":127,"date":"2010-10-14T15:18:51","date_gmt":"2010-10-14T15:18:51","guid":{"rendered":"http:\/\/www.kalajoenvarjoliitajat.net\/?page_id=127"},"modified":"2016-04-22T15:06:08","modified_gmt":"2016-04-22T15:06:08","slug":"sm-kisat-2001","status":"publish","type":"page","link":"http:\/\/kalajoenvarjoliitajat.net\/wordpress\/?page_id=127","title":{"rendered":"SM \u2013 Kisat 2001"},"content":{"rendered":"<p style=\"text-align: left;\"><strong><a href=\"http:\/\/kalajoenvarjoliitajat.net\/wp-content\/uploads\/2010\/10\/Kentta.jpg\"><img loading=\"lazy\" decoding=\"async\" class=\"aligncenter size-medium wp-image-132\" title=\"EFYL Kentta\" src=\"http:\/\/kalajoenvarjoliitajat.net\/wordpress\/wp-content\/uploads\/2010\/10\/Kentta-300x225.jpg\" alt=\"\" width=\"300\" height=\"225\" \/><\/a><\/strong><\/p>\n<p><strong>Sunnuntai 29.07.<\/strong><\/p>\n<p style=\"text-align: left;\">Eilisen illan s\u00e4\u00e4ennusteissa Lapin ja Oulun l\u00e4\u00e4nin ylle tuleva saderintama oli aamulla l\u00e4hestym\u00e4ss\u00e4. Tuuli oli kovaa ja taivas l\u00e4hes pilvess\u00e4. P\u00e4\u00e4tettiin, ett\u00e4 ei lennet\u00e4 en\u00e4\u00e4. Aamu briefing oli samalla palkintojen jako. Kisoille saatiin reilusti SM-arvo, sill\u00e4 kuusi ensimm\u00e4ist\u00e4 lent\u00e4j\u00e4\u00e4 ker\u00e4si yli vaaditun 1400 pistett\u00e4. Lis\u00e4ksi yksik\u00e4\u00e4n lent\u00e4j\u00e4 ei j\u00e4\u00e4nyt ilman pisteit\u00e4 viiden lennetyn p\u00e4iv\u00e4n j\u00e4lkeen.<\/p>\n<p style=\"text-align: left;\">Suomen mestari oli Someron Ilmailuyhdistyst\u00e4 edustava Jouni Makkonen, pisteit\u00e4 3033. Toinen oli Helsingin Varjoliitoseuran Harri Seppi, pisteit\u00e4 2372 ja kolmas Skyriders Paraglidingin Tuomas Sepp\u00e4nen, pisteit\u00e4 2209.<\/p>\n<p style=\"text-align: left;\">Ensi vuoden SM-kisat on suunnitteilla j\u00e4rjest\u00e4\u00e4 vaihteeksi Etel\u00e4-Suomessa, Kiikalassa. Kilpailut pidet\u00e4\u00e4n mahdollisesti kes\u00e4kuussa, riippuen kuitenkin kansainv\u00e4listen kisojen ajankohdista. J\u00e4rjest\u00e4vin\u00e4 seuroina toimisivat Someron Ilmailuyhdistys, Helsingin Varjoliitoseura ja Skyriders Paragliding.<\/p>\n<p style=\"text-align: left;\"><strong>Lauantai 28.07.<\/strong><\/p>\n<p style=\"text-align: left;\">SM-kisoja riivaava yl\u00e4pilvim\u00f6ss\u00f6 oli taas t\u00e4n\u00e4 aamuna paikoillaan. Kalajoen suunnalla n\u00e4ytti keli\u00e4 olevan heti aamusta. Sen toivottiin tulevan Ylivieskan ylle my\u00f6s. Tuuli oli kova heti aamusta. Kent\u00e4ll\u00e4 tuulimittari n\u00e4ytti 5-8 m\/s, lis\u00e4ksi pintatuuli oli pahasti sivussa kiitorataan n\u00e4hden.<\/p>\n<p style=\"text-align: left;\">Yl\u00e4tuulen suunnan muuttumisen takia m\u00e4\u00e4r\u00e4maalin paikkaa jouduttiin ensimm\u00e4isest\u00e4 suunnitellusta muuttamaan aamun aikana. Lopullinen paikka oli Karsikas 33,6 km p\u00e4\u00e4ss\u00e4. Startin aukeamista jouduttiin kovan tuulen takia siirt\u00e4m\u00e4\u00e4n, ollen 12:45-17:00. Tuuli oli niin kova, ett\u00e4 l\u00e4hes jokainen matkaan l\u00e4htenyt k\u00e4ytti yl\u00f6s p\u00e4\u00e4st\u00e4kseen vain yhden hinauksen. Nostavaa onneksi l\u00f6ytyi, joten kent\u00e4lle ei ollut tarvetta palata.<\/p>\n<p style=\"text-align: left;\">P\u00e4iv\u00e4 oli ehdottomasti viikon paras lentop\u00e4iv\u00e4. Maaliin p\u00e4\u00e4si seitsem\u00e4n lent\u00e4j\u00e4\u00e4, joista kaksi, Eija ja Mika Schwach lensiv\u00e4t kisoissa ensi kertaa maaliin. Mika ainakin oli yht\u00e4 hymy\u00e4 suoritusensa ansiosta, maalituomarikin sai siit\u00e4 osansa halauksen muodossa. Mika oli maaliin tulleista viimeisin ja lensi lentonsa muista poiketen kuivassa keliss\u00e4 ilman pilvien apua. Kaksi lent\u00e4j\u00e4\u00e4 j\u00e4i harmittavasti muutaman kilometrin p\u00e4\u00e4h\u00e4n maalista. Muutama p\u00e4\u00e4si puoliv\u00e4liin asti ja loput ottivat liu&#8217;un l\u00e4hipelloille tai j\u00e4iv\u00e4t kent\u00e4lle.<\/p>\n<p style=\"text-align: left;\">Pilvikorkeus oli t\u00e4n\u00e4\u00e4n aiempien p\u00e4ivien luokkaa noin 1300 m. Nostot olivat kovempia kuin aiemmin, 3-4 m\/s. P\u00e4iv\u00e4n nopein oli j\u00e4lleen Jouni Makkonen, toinen oli Tuomas Sepp\u00e4nen ja kolmas Ari Sahlstr\u00f6m. Jounin ja Tuomaksen aika oli muutamaa minuuttia alle tunnin ja Arin tasan tunti.<\/p>\n<p style=\"text-align: left;\"><strong>Perjantai 27.07.<\/strong><\/p>\n<p style=\"text-align: left;\">Aamulla taivas oli t\u00e4ysin pilvet\u00f6n ja tuulikin viel\u00e4 heikkoa. Iltap\u00e4iv\u00e4lle oli luvassa voimistuvaa tuulta, muttei kuitenkaan liian kovaa. Pintatuulen suunta oli kent\u00e4lle l\u00e4hes poikittain. Briefing meni l\u00e4pi nopeasti, edellisp\u00e4iv\u00e4st\u00e4 ei ollut mit\u00e4\u00e4n ep\u00e4selv\u00e4\u00e4. P\u00e4iv\u00e4n aikana otettiin k\u00e4ytt\u00f6\u00f6n hinausk\u00f6ysien katkeilemista ehk\u00e4isev\u00e4 k\u00e4yt\u00e4nt\u00f6. Tuulen alapuoleinen linja starttasi ensin jolla v\u00e4ltettiin tuulen yl\u00e4puolisen hinausk\u00f6yden tippuminen hinauksessa olevan k\u00f6yden p\u00e4\u00e4lle.<\/p>\n<p style=\"text-align: left;\">P\u00e4iv\u00e4n teht\u00e4v\u00e4ksi annettiin m\u00e4\u00e4r\u00e4maali Parkkilaan 41,5km. L\u00e4ht\u00f6j\u00e4rjestys arvottiin ja Startti avattiin klo 11:30 ja sulkeutui 16:30. Tuuli sorti nostoja joten p\u00e4\u00e4t\u00f6s kent\u00e4lle laskuun palaamisesta oli teht\u00e4v\u00e4 riitt\u00e4v\u00e4n ajoissa. Ennenkuin tuuli yltyi 6-7m\/s iltap\u00e4iv\u00e4ll\u00e4 klo 14 aikoihin, matkalle oli p\u00e4\u00e4ssyt jo 8 kilpailijaa. Huono onnisimmat laskeutuivat l\u00e4himmille pelloille ja hakkuuaukeille reilusti alle 10km. Antti ja Tuomas ilmoittivat kuitenkin laskunsa yli 10km p\u00e4\u00e4st\u00e4, joten oli selv\u00e4\u00e4 ett\u00e4 p\u00e4iv\u00e4st\u00e4 saatiin kisap\u00e4iv\u00e4. Kohta tuli ilmoitus my\u00f6s Harrin ja Jounin maalilinjan ylityksest\u00e4. Maanopeus oli ollut parhaimmillaan 78kmh. Kent\u00e4lle j\u00e4\u00e4neet 9 pilottia joutuivat odottelemaan k\u00e4rsim\u00e4tt\u00f6min\u00e4 parituntia tuulen heikkenemist\u00e4. Osa kilpailijoista l\u00e4hti viel\u00e4 yritt\u00e4m\u00e4\u00e4n, joista Eero sinnitteli pisimm\u00e4lle. P\u00e4iv\u00e4n ainoita tosiheroja olivat Vesa, MikaL ja Petri, jotka vaarallisen hinauskelin aiheuttamasta turvallisuusriskist\u00e4 johtuen uskalsivat j\u00e4\u00e4d\u00e4 kent\u00e4lle, yleisest\u00e4 painostuksesta huolimatta.<\/p>\n<p style=\"text-align: left;\">Pilvenpohjat olivat aluksi alle 1000m mutta nousivat iltap\u00e4iv\u00e4ll\u00e4 1300metriin. Nostot olivat parhaimmillaan 2-3metrisi\u00e4. P\u00e4iv\u00e4voitto meni j\u00e4lleen kisaa johtavalle Jouni Makkoselle, toiseksi Hapa Seppi ja komanneksi taas Eero Rahko. Kahdella parhaalla oli jo pisteit\u00e4 yli 1400, joten SM-mitaleita ei tarvitse palauttaa tarpeettomina SIL:iin.<\/p>\n<p style=\"text-align: left;\"><strong>Torstai 26.07.<\/strong><\/p>\n<p style=\"text-align: left;\">J\u00e4lleen oli edellist\u00e4 parempi aamu. Yl\u00e4pilvet h\u00e4visiv\u00e4t t\u00e4n\u00e4\u00e4n jo aamubriefingin aikana. Kent\u00e4ll\u00e4 saattoi todeta, ett\u00e4 p\u00e4iv\u00e4st\u00e4 tulee l\u00e4mmin. Se tiesi hikisi\u00e4 oloja hinausautoissa istuville kerhon ahkerille talkoolaisille. Pilvien kehityst\u00e4 seuraillessa oli hieman pelkoa, josko eilisen kaltaiset ukkoskuurot sotkevat taas hyv\u00e4lt\u00e4 n\u00e4ytt\u00e4v\u00e4n p\u00e4iv\u00e4n.<\/p>\n<p style=\"text-align: left;\">Startti avattiin 11:30 ja se sulkeutui 17:00. Yl\u00e4pilviharso hidasti puolilta p\u00e4ivin termiikin kehityst\u00e4 joten suurin osa lent\u00e4jist\u00e4 siirtyi odotukseen. Ne harvat jotka hinauksia ottivat p\u00e4\u00e4siv\u00e4t laskeutuessaan suoraan uuteen hinaukseen. Kun aurinko j\u00e4lleen paistoi siniselt\u00e4 taivaalta alkoi pilvien kehitys vauhdilla. Teht\u00e4v\u00e4ksi annettiin m\u00e4\u00e4r\u00e4maali Sievin keskustaan, matkaa 19,5 km. Reitin suuntaan muodostui nopeasti mahtava pilvijono. Muutama lent\u00e4j\u00e4 l\u00e4hti matkaan, mutta kent\u00e4lt\u00e4 saatiin ihmetell\u00e4, ett\u00e4 oliko ylh\u00e4\u00e4ll\u00e4 tuulen suunta eri kun pinnassa sill\u00e4 startanneet palasivatkin takaisin kent\u00e4n yl\u00e4puolelle. Joku taisi otattaa itselleen uuden l\u00e4ht\u00f6ajan kun taas osa laskeutui kent\u00e4lle.<\/p>\n<p style=\"text-align: left;\">Pilvijono kulki sopivasti kent\u00e4n p\u00e4\u00e4lt\u00e4 ja sen avulla suuri osa lent\u00e4jist\u00e4 l\u00e4hti kohti Sievi\u00e4. Kolme pilottia saavutti maalin l\u00e4hes tulkoon saman aikaisesti. N\u00e4m\u00e4 lent\u00e4j\u00e4t olivat p\u00e4\u00e4sseet helpolla sill\u00e4 pilvijonon alla saattoi liukua kaksi kolmas osaa matkasta spiidi pohjassa maaliin asti. Laskeutuminen tehtiin mainostyyliin l\u00e4heisen teollisuushallin pihamaalle. L\u00e4mpim\u00e4st\u00e4 kelist\u00e4 johtuen j\u00e4\u00e4tel\u00f6 ja virvoitusjuomat tekiv\u00e4t kauppansa. Maalissa olleet lent\u00e4j\u00e4t tihrustivat silm\u00e4 kovana taivaan rantaan, ettei sielt\u00e4 vaan kukaan en\u00e4\u00e4 saapuisi. Startista saatujen tietojen mukaan matkalla oli viel\u00e4 kuusi lent\u00e4j\u00e4\u00e4. Kaksi lent\u00e4j\u00e4\u00e4 n\u00e4kyikin horisontissa, mutta molemmat sortuivat laskevissa pelloille. Maaliin tulleet saivat huokaista helpotuksesta kun havaittiin merituulen puhdistavan taivaan. Ylivieskan suunnalta ei olisi en\u00e4\u00e4 mahdollista lent\u00e4\u00e4 maaliin.<\/p>\n<p style=\"text-align: left;\">Pilven pohjat olivat vajaassa kilometriss\u00e4 ja nostot hieman eilisi\u00e4 parempia. Maaliin saapuneista p\u00e4iv\u00e4n nopein oli j\u00e4rjest\u00e4v\u00e4n seuran Antti Jutila. Toisena saman seuran Eero Rahko ja kolmantena Tuomas Sepp\u00e4nen. Muut saivat pisteit\u00e4 ainoastaan lennetyn matkan perusteella.<\/p>\n<p style=\"text-align: left;\"><strong>Keskiviikko 25.07.<\/strong><\/p>\n<p style=\"text-align: left;\">P\u00e4iv\u00e4 n\u00e4ytti aamulla paremmalta kuin eilen, vaikka yl\u00e4pilvessa oli vain muutama hassu reik\u00e4. Reippaat tuulen henk\u00e4ykset antoivat kuitenkin toivoa pilvien hajoamisesta. Kent\u00e4lle l\u00e4hdettiin heti aamubriefingin j\u00e4lkeen. Toimitsijat uhrautuivat tuulityhmyreiksi ja todistivat, ett\u00e4 nostoja l\u00f6ytyi jo 10 j\u00e4lkeen.<\/p>\n<p style=\"text-align: left;\">Teht\u00e4v\u00e4ksi p\u00e4\u00e4tettiin m\u00e4\u00e4r\u00e4maali Merij\u00e4rvelle, matkaa 29,6 km. Startin aukioloajaksi sovittiin 11:30-17:00. Keli vaikutti hyv\u00e4lt\u00e4 ja melkein puolet lent\u00e4jist\u00e4 tarttuikin kent\u00e4n yll\u00e4 pullistelevan kumuluspilven nostoihin. Pilven mukana pilotit aloittivat matkan teon kohti Merij\u00e4rve\u00e4. Ilo oli kuitenkin lyhyt aikaista, sill\u00e4 kent\u00e4n yli pyyhk\u00e4isi ukkoskuuro. Hinaukset olivat keskeytyksiss\u00e4 useaan otteeseen p\u00e4iv\u00e4n aikana. Ensimm\u00e4isin\u00e4 matkaan l\u00e4hteneetk\u00e4\u00e4n eiv\u00e4t saaneet nauttia hyvist\u00e4 nostoista, sill\u00e4 edess\u00e4 ollut sade pakotti lent\u00e4j\u00e4t alas ennen maalia. Lopulta pilvet lauttaantuivat ja hinauksia ottaneet pilotit l\u00f6ysiv\u00e4t ainoastaan nolla nostoja. Alkoi siis varjoliitoon oleellisesti kuuluva kent\u00e4ll\u00e4 &#8220;k\u00e4kkiminen&#8221;. J\u00e4nnityst\u00e4 tilanteeseen toi tuulen suunnan muuttuminen ja siit\u00e4 johtuva kiitoradan p\u00e4\u00e4n vaihtaminen. T\u00e4ss\u00e4 vaiheessa startti aikaa oli j\u00e4ljell\u00e4 en\u00e4\u00e4 noin puoli tuntia. Kent\u00e4lle j\u00e4\u00e4neiden ainoaksi pisteiden keruu vaihtoehdoksi j\u00e4i liukulento vastatuuleen. Pilven pohjat olivat t\u00e4n\u00e4\u00e4n hieman korkeammalla kuin eilen, reilussa kilometriss\u00e4. Nostot olivat keskinkertaisia, 2-3 m\/s.<\/p>\n<p style=\"text-align: left;\">Maalituomari sai turhaan odotella Merij\u00e4rvell\u00e4 peltojen keskell\u00e4 lehm\u00e4t seuranaan SM-mitaleista taistelevia lent\u00e4ji\u00e4. Ainoat maalissa havaitut lent\u00e4j\u00e4t olivat harvakseltaan l\u00e4hestymisi\u00e4 yritt\u00e4v\u00e4t paarmat. P\u00e4iv\u00e4n parhaan lennon teki Takasen Taina, toiseksi pisimm\u00e4lle lensiv\u00e4t Leinon Marko ja Makkosen Jouni. Kolmas oli Rahkon Eero. Kaksi muutakin kilpailijaa lensi hyvin likelle kymment\u00e4 kilometri\u00e4. Loppujen kilpailijoiden liu&#8217;ut olivat 2-3 km:n mittaisia.<\/p>\n<p style=\"text-align: left;\"><strong>Tiistai 24.07.<\/strong><\/p>\n<p style=\"text-align: left;\">Aamu valkeni yht\u00e4 harmaana kuin edellisen\u00e4kin p\u00e4iv\u00e4n\u00e4, vett\u00e4 ei onneksi satanut. Toivorikkaana l\u00e4hdettiin kuitenkin kent\u00e4lle jos vaikka keli paranisi. Paranihan se, pikku hiljaa taivaan rannassa rupesi n\u00e4kym\u00e4\u00e4n kirkkaampaa taivasta. Leikkimielinen maaliinlaskukisakin kerittiin jo aloittaa, mutta pilotit tuntuivatkin juuttuvan taivaalle.<\/p>\n<p style=\"text-align: left;\">Kello kolmen j\u00e4lkeen annettiin p\u00e4iv\u00e4n lentoteht\u00e4v\u00e4 ja startti aukesi 15:30. T\u00e4ysin tyynen s\u00e4\u00e4n ansiosta p\u00e4\u00e4stiin teht\u00e4v\u00e4ksi antamaan ensimm\u00e4ist\u00e4 kertaa kolmiolento. K\u00e4\u00e4nnepistein\u00e4 oli Raudaskyl\u00e4n tiilitehdas ja Ylivieskan kirkko, noin 29 km.<\/p>\n<p style=\"text-align: left;\">Koska kilpailussa on mukana per\u00e4ti 17 kilpailijaa, saatiin taivaalla ihailla Suomen ilmatilassa ennen n\u00e4kem\u00e4t\u00f6nt\u00e4 muodostelmaa, varjoliit\u00e4jien keossa lent\u00e4mist\u00e4. Parhaimmillaan yhden pilven alta laskettiin seitsem\u00e4n lent\u00e4j\u00e4\u00e4. Hinauksia ja uusia l\u00e4ht\u00f6aikoja sai joten lopulta kaikki lent\u00e4j\u00e4t p\u00e4\u00e4siv\u00e4t taipaleelle. H\u00e4t\u00e4isimm\u00e4t oli haettu takaisin kent\u00e4lle jo reilusti ennen viimeisten l\u00e4htemist\u00e4. Startti meni kiinni 19:00 ja toimitsijat saivat vuoron lent\u00e4\u00e4.<\/p>\n<p style=\"text-align: left;\">Keli oli matalaa, alussa pilven pohjat tulivat vastaan 600 metriss\u00e4. Teht\u00e4v\u00e4n edetess\u00e4 enimmill\u00e4\u00e4n 2 m\/s nostot veiv\u00e4t &#8220;huimaan&#8221; 800 m korkeuteen. Ylivieskan kirkko oli kaikille liian kaukana. Kaksi kolmasosaa lent\u00e4jist\u00e4 onnistui taistelemaan itsens\u00e4 ensimm\u00e4isen ja toisen k\u00e4\u00e4nnepisteen v\u00e4liin, loppujen j\u00e4\u00e4dess\u00e4 ainoastaan haaveilemaan Raudaskyl\u00e4n tiilitehtaan piipun kiert\u00e4misest\u00e4.<\/p>\n<p style=\"text-align: left;\">Hyv\u00e4n tovin GPS:i\u00e4 n\u00e4pel\u00f6ity\u00e4\u00e4n Mauri ja Antti saivat laskettua ensimm\u00e4isen teht\u00e4v\u00e4n tulokset. P\u00e4iv\u00e4n voittaja oli Makkosen Jouni, toisena Sepp\u00e4sen Tuomas ja kolmantena Schwachin Mika.<\/p>\n<p style=\"text-align: left;\"><strong>Maanantai 23.07.<\/strong><\/p>\n<p style=\"text-align: left;\">Vain 10% Suomen pinta-alasta oli maanantai aamuna sateen peitt\u00e4m\u00e4n\u00e4 ja Ylivieskan lentokentt\u00e4 sattui Murphyn lain mukaan juuri t\u00e4lle alueelle. Pilvimassa tuntui ankkuroituneen paikalleen, tuulen henk\u00e4yst\u00e4k\u00e4\u00e4n ei ollut. Kisap\u00e4iv\u00e4 siis peruttiin.<\/p>\n<p style=\"text-align: left;\">P\u00e4iv\u00e4n aikana k\u00e4ytiin kiivastakin keskustelua GPS-dokumentoinnista joka ty\u00f6llist\u00e4\u00e4 tuloslaskentaa huomattavasti enemm\u00e4n kuin nuppineula karttaan ja viivotin- menetelm\u00e4. Puhuttiin my\u00f6s uusituista kisas\u00e4\u00e4nn\u00f6ist\u00e4, jotka antavat lent\u00e4j\u00e4lle mahdollisuuden uuden l\u00e4ht\u00f6ajan saamiseen kun siit\u00e4 radiolla ilmoittaa starttiin. Joidenkin lent\u00e4jien mielest\u00e4 mahdollisuus on hyv\u00e4, mutta radiottomia pilotteja se sorsii.<\/p>\n<p><strong>Lopputulokset<br \/>\nTilanne 6 kilpailup\u00e4iv\u00e4n j\u00e4lkeen<\/strong><\/p>\n<div>\n<table border=\"0\" cellspacing=\"0\" cellpadding=\"0\" width=\"670\" align=\"center\">\n<colgroup>\n<col width=\"24\"><\/col>\n<col width=\"127\"><\/col>\n<col width=\"62\"><\/col>\n<col width=\"11\"><\/col>\n<col width=\"127\"><\/col>\n<col span=\"7\" width=\"46\"><\/col>\n<\/colgroup>\n<tbody>\n<tr height=\"17\">\n<td width=\"24\" height=\"20\"><\/td>\n<td width=\"128\" height=\"20\">Varjoliito SM 2001<\/td>\n<td width=\"61\" height=\"20\"><\/td>\n<td width=\"10\" height=\"20\"><\/td>\n<td width=\"123\" height=\"20\"><\/td>\n<td width=\"64\" height=\"20\"><\/td>\n<td width=\"48\" height=\"20\"><\/td>\n<td width=\"48\" height=\"20\"><\/td>\n<td width=\"48\" height=\"20\"><\/td>\n<td width=\"48\" height=\"20\"><\/td>\n<td width=\"65\" height=\"20\"><\/td>\n<\/tr>\n<tr height=\"17\">\n<td width=\"24\" height=\"17\"><\/td>\n<td width=\"128\">Ylivieska<\/td>\n<td width=\"61\"><\/td>\n<td width=\"10\"><\/td>\n<td width=\"123\"><\/td>\n<td width=\"64\"><\/td>\n<td width=\"48\"><\/td>\n<td width=\"48\"><\/td>\n<td width=\"48\"><\/td>\n<td width=\"48\"><\/td>\n<td width=\"65\"><\/td>\n<\/tr>\n<tr height=\"17\">\n<td width=\"24\" height=\"17\"><\/td>\n<td width=\"128\"><strong>23.7.2001 &#8211; 29.7.2001<\/strong><\/td>\n<td width=\"61\"><\/td>\n<td width=\"10\"><\/td>\n<td width=\"123\"><\/td>\n<td width=\"64\"><\/td>\n<td width=\"48\"><\/td>\n<td width=\"48\"><\/td>\n<td width=\"48\"><\/td>\n<td width=\"48\"><\/td>\n<td width=\"65\"><\/td>\n<\/tr>\n<tr height=\"17\">\n<td width=\"24\" height=\"17\"><\/td>\n<td width=\"128\"><\/td>\n<td width=\"61\"><\/td>\n<td width=\"10\"><\/td>\n<td width=\"123\"><\/td>\n<td width=\"64\"><\/td>\n<td width=\"48\"><\/td>\n<td width=\"48\"><\/td>\n<td width=\"48\"><\/td>\n<td width=\"48\"><\/td>\n<td width=\"65\"><\/td>\n<\/tr>\n<tr height=\"20\">\n<td width=\"24\" height=\"20\"><\/td>\n<td width=\"128\">Nimi<\/td>\n<td width=\"61\">Kerho<\/td>\n<td width=\"10\"><\/td>\n<td width=\"123\">Liidin<\/td>\n<td width=\"64\">Tilanne<\/td>\n<td width=\"48\">2.p\u00e4iv\u00e4<\/td>\n<td width=\"48\">3.p\u00e4iv\u00e4<\/td>\n<td width=\"48\">4.p\u00e4iv\u00e4<\/td>\n<td width=\"48\">5.p\u00e4iv\u00e4<\/td>\n<td width=\"65\">6.p\u00e4iv\u00e4<\/td>\n<\/tr>\n<tr height=\"21\">\n<td width=\"24\" height=\"21\">1.<\/td>\n<td width=\"128\">Makkonen Jouni<\/td>\n<td width=\"61\">SIY<\/td>\n<td width=\"10\"><\/td>\n<td width=\"123\">Gradient AvaxRX<\/td>\n<td width=\"64\">3033<\/td>\n<td width=\"48\">512<\/td>\n<td width=\"48\">257<\/td>\n<td width=\"48\">338<\/td>\n<td width=\"48\">959<\/td>\n<td width=\"65\">967<\/td>\n<\/tr>\n<tr height=\"21\">\n<td width=\"24\" height=\"21\">2.<\/td>\n<td width=\"128\">Seppi Harri<\/td>\n<td width=\"61\">HVS<\/td>\n<td width=\"10\"><\/td>\n<td width=\"123\">Apco Simba<\/td>\n<td width=\"64\">2373<\/td>\n<td width=\"48\">229<\/td>\n<td width=\"48\">237<\/td>\n<td width=\"48\">120<\/td>\n<td width=\"48\">933<\/td>\n<td width=\"65\">854<\/td>\n<\/tr>\n<tr height=\"21\">\n<td width=\"24\" height=\"21\">3.<\/td>\n<td width=\"128\">Sepp\u00e4nen Tuomas<\/td>\n<td width=\"61\">SRPG<\/td>\n<td width=\"10\"><\/td>\n<td width=\"123\">FB Booster<\/td>\n<td width=\"64\">2209<\/td>\n<td width=\"48\">402<\/td>\n<td width=\"48\">26<\/td>\n<td width=\"48\">621<\/td>\n<td width=\"48\">208<\/td>\n<td width=\"65\">952<\/td>\n<\/tr>\n<tr height=\"21\">\n<td width=\"24\" height=\"21\">4.<\/td>\n<td width=\"128\">Rahko Eero<\/td>\n<td width=\"61\">KAIK<\/td>\n<td width=\"10\"><\/td>\n<td width=\"123\">Airea Shape<\/td>\n<td width=\"64\">1847<\/td>\n<td width=\"48\">134<\/td>\n<td width=\"48\">256<\/td>\n<td width=\"48\">640<\/td>\n<td width=\"48\">352<\/td>\n<td width=\"65\">465<\/td>\n<\/tr>\n<tr height=\"21\">\n<td width=\"24\" height=\"21\">5.<\/td>\n<td width=\"128\">Schwach Mika<\/td>\n<td width=\"61\">PVRL<\/td>\n<td width=\"10\"><\/td>\n<td width=\"123\">Gradient Bliss<\/td>\n<td width=\"64\">1524<\/td>\n<td width=\"48\">350<\/td>\n<td width=\"48\">17<\/td>\n<td width=\"48\">238<\/td>\n<td width=\"48\">28<\/td>\n<td width=\"65\">891<\/td>\n<\/tr>\n<tr height=\"21\">\n<td width=\"24\" height=\"21\">6.<\/td>\n<td width=\"128\">Jutila Antti<\/td>\n<td width=\"61\">KAIK<\/td>\n<td width=\"10\"><\/td>\n<td width=\"123\">Ozone Octane<\/td>\n<td width=\"64\">1499<\/td>\n<td width=\"48\">283<\/td>\n<td width=\"48\">5<\/td>\n<td width=\"48\">662<\/td>\n<td width=\"48\">239<\/td>\n<td width=\"65\">310<\/td>\n<\/tr>\n<tr height=\"21\">\n<td width=\"24\" height=\"21\">7.<\/td>\n<td width=\"128\">Sahlstr\u00f6m Ari-Pekka<\/td>\n<td width=\"61\">SRPG<\/td>\n<td width=\"10\"><\/td>\n<td width=\"123\">Advance Omega5<\/td>\n<td width=\"64\">1341<\/td>\n<td width=\"48\">65<\/td>\n<td width=\"48\">25<\/td>\n<td width=\"48\">239<\/td>\n<td width=\"48\">67<\/td>\n<td width=\"65\">945<\/td>\n<\/tr>\n<tr height=\"21\">\n<td width=\"24\" height=\"21\">8.<\/td>\n<td width=\"128\">Laakio Mika<\/td>\n<td width=\"61\">SRPG<\/td>\n<td width=\"10\"><\/td>\n<td width=\"123\">FB Rocket<\/td>\n<td width=\"64\">1250<\/td>\n<td width=\"48\">312<\/td>\n<td width=\"48\">6<\/td>\n<td width=\"48\">19<\/td>\n<td width=\"48\"><\/td>\n<td width=\"65\">913<\/td>\n<\/tr>\n<tr height=\"21\">\n<td width=\"24\" height=\"21\">9.<\/td>\n<td width=\"128\">Leino Marko<\/td>\n<td width=\"61\">SRPG<\/td>\n<td width=\"10\"><\/td>\n<td width=\"123\">Apco Bagheera<\/td>\n<td width=\"64\">1139<\/td>\n<td width=\"48\">53<\/td>\n<td width=\"48\">257<\/td>\n<td width=\"48\">93<\/td>\n<td width=\"48\">246<\/td>\n<td width=\"65\">490<\/td>\n<\/tr>\n<tr height=\"21\">\n<td width=\"24\" height=\"21\">10.<\/td>\n<td width=\"128\">Kujansuu Eija<\/td>\n<td width=\"61\">SRPG<\/td>\n<td width=\"10\"><\/td>\n<td width=\"123\">Apco Simba<\/td>\n<td width=\"64\">1090<\/td>\n<td width=\"48\">74<\/td>\n<td width=\"48\">16<\/td>\n<td width=\"48\">153<\/td>\n<td width=\"48\">9<\/td>\n<td width=\"65\">838<\/td>\n<\/tr>\n<tr height=\"21\">\n<td width=\"24\" height=\"21\">11.<\/td>\n<td width=\"128\">Turunen Sami<\/td>\n<td width=\"61\">KSV<\/td>\n<td width=\"10\"><\/td>\n<td width=\"123\">Advance Eps.3<\/td>\n<td width=\"64\">624<\/td>\n<td width=\"48\">116<\/td>\n<td width=\"48\"><\/td>\n<td width=\"48\">94<\/td>\n<td width=\"48\">130<\/td>\n<td width=\"65\">284<\/td>\n<\/tr>\n<tr height=\"21\">\n<td width=\"24\" height=\"21\">12.<\/td>\n<td width=\"128\">Lehtinen Timo<\/td>\n<td width=\"61\">HVS<\/td>\n<td width=\"10\"><\/td>\n<td width=\"123\">Paratech A6<\/td>\n<td width=\"64\">528<\/td>\n<td width=\"48\">114<\/td>\n<td width=\"48\">59<\/td>\n<td width=\"48\">90<\/td>\n<td width=\"48\">28<\/td>\n<td width=\"65\">237<\/td>\n<\/tr>\n<tr height=\"21\">\n<td width=\"24\" height=\"21\">13.<\/td>\n<td width=\"128\">Takanen Taina<\/td>\n<td width=\"61\">SIY<\/td>\n<td width=\"10\"><\/td>\n<td width=\"123\">Gradient Saphir<\/td>\n<td width=\"64\">468<\/td>\n<td width=\"48\">35<\/td>\n<td width=\"48\">279<\/td>\n<td width=\"48\"><\/td>\n<td width=\"48\">131<\/td>\n<td width=\"65\">23<\/td>\n<\/tr>\n<tr height=\"21\">\n<td width=\"24\" height=\"21\">14.<\/td>\n<td width=\"128\">Kotila Reijo<\/td>\n<td width=\"61\">KAIK<\/td>\n<td width=\"10\"><\/td>\n<td width=\"123\">AIrea Shape<\/td>\n<td width=\"64\">463<\/td>\n<td width=\"48\">187<\/td>\n<td width=\"48\">6<\/td>\n<td width=\"48\">132<\/td>\n<td width=\"48\">78<\/td>\n<td width=\"65\">60<\/td>\n<\/tr>\n<tr height=\"21\">\n<td width=\"24\" height=\"21\">15.<\/td>\n<td width=\"128\">Rantala Petri<\/td>\n<td width=\"61\">EPRL<\/td>\n<td width=\"10\"><\/td>\n<td width=\"123\">Apco Simba<\/td>\n<td width=\"64\">316<\/td>\n<td width=\"48\">31<\/td>\n<td width=\"48\">232<\/td>\n<td width=\"48\">53<\/td>\n<td width=\"48\"><\/td>\n<td width=\"65\"><\/td>\n<\/tr>\n<tr height=\"21\">\n<td width=\"24\" height=\"21\">16.<\/td>\n<td width=\"128\">Tolppa Vesa<\/td>\n<td width=\"61\">JRL<\/td>\n<td width=\"10\"><\/td>\n<td width=\"123\">FB Matrix<\/td>\n<td width=\"64\">303<\/td>\n<td width=\"48\">76<\/td>\n<td width=\"48\"><\/td>\n<td width=\"48\">213<\/td>\n<td width=\"48\"><\/td>\n<td width=\"65\">14<\/td>\n<\/tr>\n<tr height=\"21\">\n<td width=\"24\" height=\"21\">17.<\/td>\n<td width=\"128\">Rikkonen Ari<\/td>\n<td width=\"61\">SRPG<\/td>\n<td width=\"10\"><\/td>\n<td width=\"123\">Nova Xyon<\/td>\n<td width=\"64\">119<\/td>\n<td width=\"48\">52<\/td>\n<td width=\"48\">24<\/td>\n<td width=\"48\">4<\/td>\n<td width=\"48\">35<\/td>\n<td width=\"65\">4<\/td>\n<\/tr>\n<\/tbody>\n<\/table>\n<\/div>\n<table border=\"0\" width=\"280\">\n<tbody>\n<tr>\n<td colspan=\"2\" height=\"19\"><strong><span style=\"font-size: x-small;\">Lyhenteet<\/span><\/strong><\/td>\n<\/tr>\n<tr>\n<td><strong><span style=\"font-size: xx-small;\">EPRL<\/span><\/strong><\/td>\n<td><span style=\"font-size: x-small;\"><strong>Etel\u00e4pohjanmaan Riippuliit\u00e4j\u00e4t<\/strong><\/span><\/td>\n<\/tr>\n<tr>\n<td><strong><span style=\"font-size: xx-small;\">HVS<\/span><\/strong><\/td>\n<td><span style=\"font-size: x-small;\"><strong>Helsingin Varjoliitoseura<\/strong><\/span><\/td>\n<\/tr>\n<tr>\n<td><strong><span style=\"font-size: xx-small;\">JRL<\/span><\/strong><\/td>\n<td><span style=\"font-size: x-small;\"><strong>J\u00e4min Riippuliit\u00e4j\u00e4t<\/strong><\/span><\/td>\n<\/tr>\n<tr>\n<td><strong><span style=\"font-size: xx-small;\">KAIK<\/span><\/strong><\/td>\n<td><span style=\"font-size: x-small;\"><strong>Kalajoen Ilmailukerho<\/strong><\/span><\/td>\n<\/tr>\n<tr>\n<td><strong><span style=\"font-size: xx-small;\">KSV<\/span><\/strong><\/td>\n<td><span style=\"font-size: x-small;\"><strong>Kotkan Siipiveikot<\/strong><\/span><\/td>\n<\/tr>\n<tr>\n<td><strong><span style=\"font-size: xx-small;\">SIY<\/span><\/strong><\/td>\n<td><span style=\"font-size: x-small;\"><strong>Someron Ilmailuyhdistys<\/strong><\/span><\/td>\n<\/tr>\n<tr>\n<td><strong><span style=\"font-size: xx-small;\">SRPG<\/span><\/strong><\/td>\n<td><span style=\"font-size: x-small;\"><strong>Sky Riders Paragliding<\/strong><\/span><\/td>\n<\/tr>\n<\/tbody>\n<\/table>\n","protected":false},"excerpt":{"rendered":"<p>Sunnuntai 29.07. Eilisen illan s\u00e4\u00e4ennusteissa Lapin ja Oulun l\u00e4\u00e4nin ylle tuleva saderintama oli aamulla l\u00e4hestym\u00e4ss\u00e4. Tuuli oli kovaa ja taivas l\u00e4hes pilvess\u00e4. P\u00e4\u00e4tettiin, ett\u00e4 ei lennet\u00e4 en\u00e4\u00e4. Aamu briefing oli samalla palkintojen jako. Kisoille saatiin reilusti SM-arvo, sill\u00e4 kuusi ensimm\u00e4ist\u00e4 lent\u00e4j\u00e4\u00e4 ker\u00e4si yli vaaditun 1400 pistett\u00e4. Lis\u00e4ksi yksik\u00e4\u00e4n lent\u00e4j\u00e4 ei j\u00e4\u00e4nyt ilman pisteit\u00e4 viiden lennetyn [&hellip;]<\/p>\n","protected":false},"author":1,"featured_media":0,"parent":27,"menu_order":1,"comment_status":"closed","ping_status":"closed","template":"","meta":{"footnotes":""},"class_list":["post-127","page","type-page","status-publish","hentry"],"_links":{"self":[{"href":"http:\/\/kalajoenvarjoliitajat.net\/wordpress\/index.php?rest_route=\/wp\/v2\/pages\/127","targetHints":{"allow":["GET"]}}],"collection":[{"href":"http:\/\/kalajoenvarjoliitajat.net\/wordpress\/index.php?rest_route=\/wp\/v2\/pages"}],"about":[{"href":"http:\/\/kalajoenvarjoliitajat.net\/wordpress\/index.php?rest_route=\/wp\/v2\/types\/page"}],"author":[{"embeddable":true,"href":"http:\/\/kalajoenvarjoliitajat.net\/wordpress\/index.php?rest_route=\/wp\/v2\/users\/1"}],"replies":[{"embeddable":true,"href":"http:\/\/kalajoenvarjoliitajat.net\/wordpress\/index.php?rest_route=%2Fwp%2Fv2%2Fcomments&post=127"}],"version-history":[{"count":9,"href":"http:\/\/kalajoenvarjoliitajat.net\/wordpress\/index.php?rest_route=\/wp\/v2\/pages\/127\/revisions"}],"predecessor-version":[{"id":528,"href":"http:\/\/kalajoenvarjoliitajat.net\/wordpress\/index.php?rest_route=\/wp\/v2\/pages\/127\/revisions\/528"}],"up":[{"embeddable":true,"href":"http:\/\/kalajoenvarjoliitajat.net\/wordpress\/index.php?rest_route=\/wp\/v2\/pages\/27"}],"wp:attachment":[{"href":"http:\/\/kalajoenvarjoliitajat.net\/wordpress\/index.php?rest_route=%2Fwp%2Fv2%2Fmedia&parent=127"}],"curies":[{"name":"wp","href":"https:\/\/api.w.org\/{rel}","templated":true}]}}